{"id":973,"date":"2024-04-15T15:42:47","date_gmt":"2024-04-15T15:42:47","guid":{"rendered":"https:\/\/iramed.webs.upv.es\/?page_id=973"},"modified":"2026-01-26T09:44:03","modified_gmt":"2026-01-26T09:44:03","slug":"conferences","status":"publish","type":"page","link":"https:\/\/iramed.webs.upv.es\/?page_id=973","title":{"rendered":"Conferences"},"content":{"rendered":"\n<div class=\"wp-block-group alignwide eplus-wrapper is-layout-constrained wp-block-group-is-layout-constrained\"><div class=\"wp-block-columns eplus-wrapper is-layout-flex wp-container-core-columns-is-layout-28f84493 wp-block-columns-is-layout-flex eplus-styles-uid-d2f229\">\n<div class=\"wp-block-column eplus-wrapper is-layout-flow wp-block-column-is-layout-flow\">\n<h2 class=\" wp-block-heading has-text-align-left eplus-wrapper\"><strong>CONFERENCES<\/strong><\/h2>\n\n\n\n<p class=\" has-medium-font-size eplus-wrapper\"><strong>INTERNATIONAL CONFERENCES<\/strong><\/p>\n\n\n\n<p class=\" eplus-wrapper\">Morat\u00f3-Rafet, S.; Juste-Vidal, B.; Mir\u00f3-Herrero, R.; Santos-Serra, A.; Lee, C.; Verd\u00fa-Mart\u00edn, G.; Mille, M. Personalized organ dose estimation using Monte Carlo simulations, auto-segmentation, and anatomical extension from clinical CT scans. <em>AAPM 67th Annual Meeting &amp; Exhibition. <\/em>Washintong DC, USA, 30\/07\/2025.<\/p>\n\n\n\n<p class=\" eplus-wrapper\">D\u00edaz-Comeche, A.; Oliver-Gil, S.; Juste-Vidal, B.; Mir\u00f3-Herrero, R.; Verd\u00fa-Mart\u00edn, G. Monte Carlo study of neutron spectra unfolding in a proton therapy treatment room. <em>16th International Symposia on Radiation Physics (ISRP-16).<\/em> Lisbon, Portugal, 05\/09\/2024.<\/p>\n\n\n\n<p class=\" eplus-wrapper\">Chillar\u00f3n-P\u00e9rez, M.; Quintana-Ort\u00ed, G.; Vidal-Gimeno, V.E.; Verd\u00fa-Mart\u00edn, G. Direct low dose CT image reconstruction on GPU using Out-of-core: Precision and Quality study. <em>16th International Symposia on Radiation Physics (ISRP-16). <\/em>Lisbon, Portugal, 05\/09\/2024.<\/p>\n\n\n\n<p class=\" eplus-wrapper\">Gallardo-Bermell, S.; Lorduy-Al\u00f3s, M.; Gerardy, I.; Andrade, P.; Verd\u00fa-Mart\u00edn, G. Uncertainty analysis of an Ir-192 brachytherapy source using the Noether Wilks formula and Monte Carlo simulations. <em>16th International Symposia on Radiation Physics (ISRP-16).<\/em> Lisbon, Portugal, 05\/09\/2024.<\/p>\n\n\n\n<p class=\" eplus-wrapper\">Tendero-Delicado, C.; Chillar\u00f3n-P\u00e9rez, M.; Arnal-Garc\u00eda, J.; Vidal-Gimeno, V.E.; Blanco-P\u00e9rez, E.; Monedero-Alonso, J.; Verd\u00fa-Mart\u00edn, G; Drummond, L. Study on dose reduction of Digital Radiography utilizing a fuzzy filtering method. <em>16th International Symposia on Radiation Physics (ISRP-16). <\/em>Lisbon, Portugal, 05\/09\/2024.<\/p>\n\n\n\n<p class=\" eplus-wrapper\">Chillar\u00f3n-P\u00e9rez, M.; Quintana-Ort\u00ed, G.; Vidal-Gimeno, V.E.; Verd\u00fa-Mart\u00edn, G. CT Image Reconstruction Using the QR Method: Single vs Double Precision. <em>M&amp;C 2023 &#8211; The International Conference on Mathematics and Computational Methods Applied to Nuclear Science and Engineering<\/em>, Niagara Falls, Ontario, Canada, August 13 \u2013 17, 2023.<\/p>\n\n\n\n<p class=\" eplus-wrapper\">D\u00edaz, A.; Oliver S.; Juste, B.; Mir\u00f3, R.; Verd\u00fa, G. Brachytherapy planning system based on Monte Carlo simulations with MCNP6. <em>ICDA-2023. 4th International Conference on Dosimetry and Its Applications. <\/em>Valencia, 16-20 October 2023<em>.<\/em><\/p>\n\n\n\n<p class=\" eplus-wrapper\">Gim\u00e9nez-Alventosa, V.; Oliver-Gil, S. Extensions of Penred for computed tomography simulation and brachytherapy treatments.\u00a0<em>ICDA-2023. 4th International Conference on Dosimetry and Its Applications. <\/em>Valencia, 16-20 October 2023.<\/p>\n\n\n\n<p class=\" eplus-wrapper\">Ribes, V.; Oliver, S.; Juste, B.; Mir\u00f3, R.; Verd\u00fa, G. Dose distribution calculation in treatments with Lu-177 using Monte Carlo simulation. <em>4th International Conference on Dosimetry and Its Applications. <\/em>Valencia, 16-20 October 2023.<\/p>\n\n\n\n<p class=\" eplus-wrapper\">Pe\u00f1a-Acosta, M.M.; Romero, S., Lorduy-Alos, M.;<strong> <\/strong>Gallardo, S.; Verd\u00fa, G. Image quality of sparse module PET scanners using normalization corrections and Monte Carlo tools.<strong> <\/strong><em>4th International Conference on Dosimetry and Its Applications. <\/em>Valencia, 16-20 October 2023.<\/p>\n\n\n\n<p class=\" eplus-wrapper\">Pe\u00f1a-Acosta, M.M.;<strong> <\/strong>Gallardo, S.; Lorduy-Alos, M.; Verd\u00fa, G. PET image reconstruction and dosimetry from voxelized phantoms with GATE.<strong> <\/strong><em>4th International Conference on Dosimetry and Its Applications. <\/em>Valencia, 16-20 October 2023.<\/p>\n\n\n\n<p class=\" eplus-wrapper\">Pe\u00f1a-Acosta, M.M.;<strong> <\/strong>Gallardo, S.; Lorduy-Al\u00f3s, M.; Verd\u00fa, G. Study of the Biograph PET scanners evolution with Monte Carlo.<strong> <\/strong><em>11<sup>th<\/sup> International Topical Meeting on Industrial Radiation and Radioisotope Measurement Applications. <\/em>Bologna, Italy, 23-28 July 2023.<\/p>\n\n\n\n<p class=\" eplus-wrapper\">Pe\u00f1a-Acosta, M.M.;<strong> <\/strong>Gallardo, S.; Lorduy-Al\u00f3s, M.; Verd\u00fa, G. Modelization of extended Axial Field-Of-View PET scanners to analyze the performance improvement. <em>11<sup>th<\/sup> International Topical Meeting on Industrial Radiation and Radioisotope Measurement Applications. <\/em>Bologna, Italy, 23-28 July 2023.\u00a0<\/p>\n\n\n\n<p class=\" eplus-wrapper\">Oliver, S.; Cases, J.; Juste, B.; Mir\u00f3, R.; Verd\u00fa, G. Determination of organ doses in thyroid treatments with I-131 by Monte Carlo simulation. <em>11<sup>th<\/sup> International Topical Meeting on Industrial Radiation and Radioisotope Measurement Applications. <\/em>Bologna, Italy, 23-28 July 2023.<\/p>\n\n\n\n<p class=\" eplus-wrapper\">Oliver-Gil, S.; Juste-Vidal, B.; Mir\u00f3-Herrero, R.; Verd\u00fa-Mart\u00edn, G. Potential medical applications of Monte Carlo Code MCNP6.2 using the adult mesh type reference computational phantoms from ICRP Publication 145. <em>3rd Annual 2023 MCNP\u00ae User Symposium<\/em>. Online, 21\/09\/2023.<\/p>\n\n\n\n<p class=\" eplus-wrapper\">Oliver-Gil, S.; Juste-Vidal, B.; Mir\u00f3-Herrero, R.; Verd\u00fa-Mart\u00edn, G.. Maximum-Likelihood Expectation-Maximization method applied to unfold neutron spectra in a radiotherapy bunker. <em>Mathematical Modelling in Engineering &amp; Human Behaviour 2023 (MME&amp;HB 2023)<\/em>. Valencia, Espa\u00f1a, 14\/07\/2023.\u00a0<\/p>\n<\/div>\n<\/div><\/div>\n\n\n<div class=\"wp-block-columns alignwide eplus-wrapper is-layout-flex wp-container-core-columns-is-layout-28f84493 wp-block-columns-is-layout-flex eplus-styles-uid-d63107\">\n<div class=\"wp-block-column eplus-wrapper is-layout-flow wp-block-column-is-layout-flow\">\n<p class=\" has-medium-font-size eplus-wrapper\"><strong>NATIONAL CONFERENCES<\/strong><\/p>\n\n\n\n<p class=\" eplus-wrapper\">D\u00edaz-Comeche, A.; Oliver-Gil, S.; Juste-Vidal, B.; Mir\u00f3-Herrero, R.; Verd\u00fa-Mart\u00edn, G. C\u00e1lculo con Simulaciones Monte Carlo de la Distribuci\u00f3n de Dosis Neutr\u00f3nica en Protonterapia Pencil Beam. <em>51\u00aa Reuni\u00f3n Anual de la Sociedad Nuclear Espa\u00f1ola. <\/em>C\u00e1ceres, Espa\u00f1a, 26\/09\/2025.<\/p>\n\n\n\n<p class=\" eplus-wrapper\">D\u00edaz-Comeche, A.; Oliver-Gil, S.; Juste-Vidal, B.; Mir\u00f3-Herrero, R.; Verd\u00fa-Mart\u00edn, G. Estudio mediante simulaciones Monte Carlo del espectro de neutrones secundarios de un haz de protonterapia utilizando un algoritmo de deconvoluci\u00f3n MLEM. <em>9\u00ba Congreso Conjunto Sociedad Espa\u00f1ola de F\u00edsica M\u00e9dica y Sociedad Espa\u00f1ola de Protecci\u00f3n Radiol\u00f3gica (25 SEFM &#8211; 20 SEPR). <\/em>Toledo, Espa\u00f1a, 30\/05\/2025.<\/p>\n\n\n\n<p class=\" eplus-wrapper\">D\u00edaz-Comeche, A.; Oliver-Gil, S.; Juste-Vidal, B.; Mir\u00f3-Herrero, R.; Morat\u00f3-Rafet, S.; Verd\u00fa-Mart\u00edn, G. Validaci\u00f3n experimental de simulaciones Monte Carlo de la dosis en profundidad para haces de protonterapia pencil beam-scanning. <em>9\u00ba Congreso Conjunto Sociedad Espa\u00f1ola de F\u00edsica M\u00e9dica y Sociedad Espa\u00f1ola de Protecci\u00f3n Radiol\u00f3gica (25 SEFM &#8211; 20 SEPR). <\/em>Toledo, Espa\u00f1a, 30\/05\/2025.<\/p>\n\n\n\n<p class=\" eplus-wrapper\">Molina, E.; Oliver-Gil, S.; Juste-Vidal, B.; Mir\u00f3-Herrero, R.; Verd\u00fa-Mart\u00edn, G. Dise\u00f1o y evaluaci\u00f3n de protectores oculares para TSI mediante simulaciones Monte Carlo. <em>51\u00aa Reuni\u00f3n Anual de la Sociedad Nuclear Espa\u00f1ola. <\/em>C\u00e1ceres, Espa\u00f1a, 26\/09\/2025.<\/p>\n\n\n\n<p class=\" eplus-wrapper\">Oliver-Gil, S.; Hern\u00e1ndez, C.; Juste-Vidal, B.; Mir\u00f3-Herrero, R.; Verd\u00fa-Mart\u00edn, G.; Lliso, F.; Perez-Calatayud, J. Estudio de protecci\u00f3n de la piel en tratamientos de radioterapia intraoperatoria de c\u00e1ncer de mama mediante simulaciones Monte Carlo.<em> 9\u00ba Congreso Conjunto Sociedad Espa\u00f1ola de F\u00edsica M\u00e9dica y Sociedad Espa\u00f1ola de Protecci\u00f3n Radiol\u00f3gica (25 SEFM &#8211; 20 SEPR). T<\/em>oledo, Espa\u00f1a, 30\/05\/2025.<\/p>\n\n\n\n<p class=\" eplus-wrapper\">Ribes-Garc\u00eda, V.; Oliver-Gil, S.; Verd\u00fa-Mart\u00edn, G.; Gim\u00e9nez-Alventosa, V. Caracterizaci\u00f3n de haces de Rayos X basada en el c\u00f3digo de Monte Carlo penRed. <em>9<sup>\u00ba<\/sup> Congreso Conjunto Sociedad Espa\u00f1ola de F\u00edsica M\u00e9dica y Sociedad Espa\u00f1ola de Protecci\u00f3n Radiol\u00f3gica (25 SEFM &#8211; 20 SEPR). <\/em>Toledo, Espa\u00f1a, 30\/05\/2025.<\/p>\n\n\n\n<p class=\" eplus-wrapper\">D\u00edaz-Comeche, A.; Oliver-Gil, S.; Juste-Vidal, B.; Mir\u00f3-Herrero, R.; Verd\u00fa-Mart\u00edn, G. Comparaci\u00f3n de modelos f\u00edsicos de mcnp6.3 en un espectr\u00f3metro de esferas bonner de rango extendido. <em>50\u00aa Reuni\u00f3n Anual de la Sociedad Nuclear Espa\u00f1ola.<\/em> C\u00f3rdoba, Espa\u00f1a, 11\/10\/2024.<\/p>\n\n\n\n<p class=\" eplus-wrapper\">D\u00edaz-Comeche, A.; Oliver-Gil, S.; Juste-Vidal, B.; Mir\u00f3-Herrero, R.; Verd\u00fa-Mart\u00edn, G. Estudio con simulaciones Monte Carlo del espectro de neutrones en una sala de tratamiento de protonterapia. <em>50\u00aa Reuni\u00f3n Anual de la Sociedad Nuclear Espa\u00f1ola.<\/em> C\u00f3rdoba, Espa\u00f1a, 11\/10\/2024.<\/p>\n\n\n\n<p class=\" eplus-wrapper\">Tendero-Delicado, C.; Chillar\u00f3n-P\u00e9rez, M.; Arnal-Garc\u00eda, J.; Vidal-Gimeno, V.E.; Blanco-P\u00e9rez, E.; Monedero-Alonso, J.; Verd\u00fa-Mart\u00edn, G.; Drummond, L.; Quintana-Ort\u00ed, G.; Bataller-Mascarell, J. Estudio de la reducci\u00f3n de dosis usando filtrado basado en l\u00f3gica difusa sobre Radiograf\u00eda Computarizada. <em>50\u00aa Reuni\u00f3n Anual de la Sociedad Nuclear Espa\u00f1ola. <\/em>C\u00f3rdoba, Espa\u00f1a, 11\/10\/2024.<\/p>\n\n\n\n<p class=\" eplus-wrapper\">D\u00edaz, A.; Oliver, S.; Juste, B.; Mir\u00f3, R.; Verd\u00fa, G. Sistema de planificaci\u00f3n en braquiterapia basado en simulaciones Monte Carlo con MCNP6. <em>48 Reuni\u00f3n Anual de la Sociedad Nuclear Espa\u00f1ola. <\/em>4 \u2013 6 de octubre de 2023. Toledo, Castilla-La Mancha.<\/p>\n\n\n\n<p class=\" eplus-wrapper\">Garc\u00eda-Domingo J.; Oliver, S.; Juste, B.; Mir\u00f3, R. Estudio del cabezal de una m\u00e1quina de protonterapia mediante el m\u00e9todo Monte Carlo. <em>48 Reuni\u00f3n Anual de la Sociedad Nuclear Espa\u00f1ola<\/em>. 4 \u2013 6 de octubre de 2023. Toledo, Castilla-La Mancha.<\/p>\n\n\n\n<p class=\" eplus-wrapper\">Gim\u00e9nez-Alventosa, V.; Oliver-Gil, S. Implementaci\u00f3n del transporte de radiaci\u00f3n en mallas triangulares en PENRED<em>. 8 Congreso Conjunto Sociedad Espa\u00f1ola de F\u00edsica M\u00e9dica y Sociedad Espa\u00f1ola de Protecci\u00f3n Radiol\u00f3gica (24 SEFM \u2013 19 SEPR).<\/em> Oviedo, Espa\u00f1a, 26\/05\/2023.<\/p>\n\n\n\n<p class=\" eplus-wrapper\">Pe\u00f1a-Acosta, M.M.; Romero, S.; Lorduy-Al\u00f3s, M.; Gallardo, S.; Verd\u00fa, G. An\u00e1lisis de la calidad de imagen de un esc\u00e1ner PET\u00a0 \u201cSparse Module Configuration\u201d con Monte Carlo. <em>48 Reuni\u00f3n Anual de la Sociedad Nuclear Espa\u00f1ola.<\/em> 4 \u2013 6 de octubre de 2023. Toledo, Castilla-La Mancha.<\/p>\n\n\n\n<p class=\" eplus-wrapper\">Pe\u00f1a-Acosta, M.M.; Lorduy-Al\u00f3s, M.; Gallardo, S.; Verd\u00fa, G. Estudio de esc\u00e1neres PET con campo de visi\u00f3n axial extendido utilizando GATE. <em>48 Reuni\u00f3n Anual de la Sociedad Nuclear Espa\u00f1ola<\/em>. 4 \u2013 6 de octubre de 2023. Toledo, Castilla-La Mancha.<\/p>\n\n\n\n<p class=\" eplus-wrapper\">Ribes, V.; Oliver, S.; Juste, B.; Mir\u00f3, R.; Verd\u00fa, G. Estudio de la distribuci\u00f3n de dosis en tratamientos con Lu-177 mediante simulaci\u00f3n Monte Carlo. <em>48 Reuni\u00f3n Anual de la Sociedad Nuclear Espa\u00f1ola<\/em>. 4 \u2013 6 de octubre de 2023. Toledo, Castilla-La Mancha.<\/p>\n<\/div>\n<\/div>","protected":false},"excerpt":{"rendered":"<p>CONFERENCES INTERNATIONAL CONFERENCES Morat\u00f3-Rafet, S.; Juste-Vidal, B.; Mir\u00f3-Herrero, R.; Santos-Serra, A.; Lee, C.; Verd\u00fa-Mart\u00edn, G.; Mille, M. Personalized organ dose [&hellip;]<\/p>\n","protected":false},"author":1,"featured_media":0,"parent":0,"menu_order":0,"comment_status":"closed","ping_status":"closed","template":"","meta":{"editor_plus_copied_stylings":"{}","site-sidebar-layout":"default","site-content-layout":"","ast-site-content-layout":"default","site-content-style":"default","site-sidebar-style":"default","ast-global-header-display":"","ast-banner-title-visibility":"","ast-main-header-display":"","ast-hfb-above-header-display":"","ast-hfb-below-header-display":"","ast-hfb-mobile-header-display":"","site-post-title":"disabled","ast-breadcrumbs-content":"","ast-featured-img":"","footer-sml-layout":"","ast-disable-related-posts":"","theme-transparent-header-meta":"","adv-header-id-meta":"","stick-header-meta":"","header-above-stick-meta":"","header-main-stick-meta":"","header-below-stick-meta":"","astra-migrate-meta-layouts":"default","ast-page-background-enabled":"default","ast-page-background-meta":{"desktop":{"background-color":"var(--ast-global-color-4)","background-image":"","background-repeat":"repeat","background-position":"center center","background-size":"auto","background-attachment":"scroll","background-type":"","background-media":"","overlay-type":"","overlay-color":"","overlay-opacity":"","overlay-gradient":""},"tablet":{"background-color":"","background-image":"","background-repeat":"repeat","background-position":"center center","background-size":"auto","background-attachment":"scroll","background-type":"","background-media":"","overlay-type":"","overlay-color":"","overlay-opacity":"","overlay-gradient":""},"mobile":{"background-color":"","background-image":"","background-repeat":"repeat","background-position":"center center","background-size":"auto","background-attachment":"scroll","background-type":"","background-media":"","overlay-type":"","overlay-color":"","overlay-opacity":"","overlay-gradient":""}},"ast-content-background-meta":{"desktop":{"background-color":"var(--ast-global-color-5)","background-image":"","background-repeat":"repeat","background-position":"center center","background-size":"auto","background-attachment":"scroll","background-type":"","background-media":"","overlay-type":"","overlay-color":"","overlay-opacity":"","overlay-gradient":""},"tablet":{"background-color":"var(--ast-global-color-5)","background-image":"","background-repeat":"repeat","background-position":"center center","background-size":"auto","background-attachment":"scroll","background-type":"","background-media":"","overlay-type":"","overlay-color":"","overlay-opacity":"","overlay-gradient":""},"mobile":{"background-color":"var(--ast-global-color-5)","background-image":"","background-repeat":"repeat","background-position":"center center","background-size":"auto","background-attachment":"scroll","background-type":"","background-media":"","overlay-type":"","overlay-color":"","overlay-opacity":"","overlay-gradient":""}},"footnotes":""},"class_list":["post-973","page","type-page","status-publish","hentry"],"_links":{"self":[{"href":"https:\/\/iramed.webs.upv.es\/index.php?rest_route=\/wp\/v2\/pages\/973","targetHints":{"allow":["GET"]}}],"collection":[{"href":"https:\/\/iramed.webs.upv.es\/index.php?rest_route=\/wp\/v2\/pages"}],"about":[{"href":"https:\/\/iramed.webs.upv.es\/index.php?rest_route=\/wp\/v2\/types\/page"}],"author":[{"embeddable":true,"href":"https:\/\/iramed.webs.upv.es\/index.php?rest_route=\/wp\/v2\/users\/1"}],"replies":[{"embeddable":true,"href":"https:\/\/iramed.webs.upv.es\/index.php?rest_route=%2Fwp%2Fv2%2Fcomments&post=973"}],"version-history":[{"count":10,"href":"https:\/\/iramed.webs.upv.es\/index.php?rest_route=\/wp\/v2\/pages\/973\/revisions"}],"predecessor-version":[{"id":1692,"href":"https:\/\/iramed.webs.upv.es\/index.php?rest_route=\/wp\/v2\/pages\/973\/revisions\/1692"}],"wp:attachment":[{"href":"https:\/\/iramed.webs.upv.es\/index.php?rest_route=%2Fwp%2Fv2%2Fmedia&parent=973"}],"curies":[{"name":"wp","href":"https:\/\/api.w.org\/{rel}","templated":true}]}}