{"id":713,"date":"2024-04-29T14:53:45","date_gmt":"2024-04-29T14:53:45","guid":{"rendered":"https:\/\/iramed.webs.upv.es\/?page_id=713"},"modified":"2024-06-11T10:18:07","modified_gmt":"2024-06-11T10:18:07","slug":"area-03","status":"publish","type":"page","link":"https:\/\/iramed.webs.upv.es\/?page_id=713&lang=es","title":{"rendered":"\u00c1rea de trabajo 03"},"content":{"rendered":"\n<div class=\"wp-block-group alignwide eplus-wrapper is-layout-constrained wp-block-group-is-layout-constrained\"><div class=\"wp-block-columns eplus-wrapper is-layout-flex wp-container-core-columns-is-layout-28f84493 wp-block-columns-is-layout-flex eplus-styles-uid-d5a34b\">\n<div class=\"wp-block-column eplus-wrapper is-layout-flow wp-block-column-is-layout-flow\">\n<p class=\" has-medium-font-size eplus-wrapper\"><strong><strong>O3. REDUCCI\u00d3N DE DOSIS RADIOTERAPIA Y PRONTONTERAPIA<\/strong><\/strong><\/p>\n<\/div>\n<\/div>\n\n<div class=\"wp-block-columns eplus-wrapper is-layout-flex wp-container-core-columns-is-layout-28f84493 wp-block-columns-is-layout-flex eplus-styles-uid-0de53f\">\n<div class=\"wp-block-column is-vertically-aligned-center eplus-wrapper is-layout-flow wp-block-column-is-layout-flow\">\n<p class=\" eplus-wrapper\">En este paquete de trabajo se desarrollar\u00e1 una metodolog\u00eda para reconstruir el espectro de neutrones producido en cualquier b\u00fanker con LinAcs o Protonterapia, pero se puede aplicar en cualquier instalaci\u00f3n m\u00e9dica o nuclear en la que sea de inter\u00e9s. El espectro de neutrones conocido servir\u00e1 para calcular la dosis de neutrones equivalente.<\/p>\n<\/div>\n\n\n\n<div class=\"wp-block-column is-vertically-aligned-center eplus-wrapper is-layout-flow wp-block-column-is-layout-flow\">\n<figure class=\" wp-block-image aligncenter size-full is-resized eplus-wrapper\"><img loading=\"lazy\" decoding=\"async\" width=\"414\" height=\"302\" src=\"https:\/\/iramed.webs.upv.es\/wp-content\/uploads\/2024\/04\/obj_03.jpg\" alt=\"\" class=\"wp-image-581\" style=\"width:311px;height:auto\" srcset=\"https:\/\/iramed.webs.upv.es\/wp-content\/uploads\/2024\/04\/obj_03.jpg 414w, https:\/\/iramed.webs.upv.es\/wp-content\/uploads\/2024\/04\/obj_03-300x219.jpg 300w\" sizes=\"auto, (max-width: 414px) 100vw, 414px\" \/><\/figure>\n<\/div>\n<\/div>\n\n<div class=\"wp-block-columns eplus-wrapper is-layout-flex wp-container-core-columns-is-layout-28f84493 wp-block-columns-is-layout-flex eplus-styles-uid-fabdf1\">\n<div class=\"wp-block-column is-vertically-aligned-center eplus-wrapper is-layout-flow wp-block-column-is-layout-flow\" style=\"flex-basis:33.33%\"><figure class=\" wp-block-image aligncenter size-full is-resized eplus-wrapper eplus-styles-uid-793de0\"><img loading=\"lazy\" decoding=\"async\" width=\"990\" height=\"747\" src=\"https:\/\/iramed.webs.upv.es\/wp-content\/uploads\/2024\/04\/OBJ_03.2.jpg\" alt=\"\" class=\"wp-image-583\" style=\"width:293px;height:auto\" srcset=\"https:\/\/iramed.webs.upv.es\/wp-content\/uploads\/2024\/04\/OBJ_03.2.jpg 990w, https:\/\/iramed.webs.upv.es\/wp-content\/uploads\/2024\/04\/OBJ_03.2-300x226.jpg 300w, https:\/\/iramed.webs.upv.es\/wp-content\/uploads\/2024\/04\/OBJ_03.2-768x579.jpg 768w\" sizes=\"auto, (max-width: 990px) 100vw, 990px\" \/><\/figure>\n\n<figure class=\" wp-block-image aligncenter size-full is-resized eplus-wrapper eplus-styles-uid-4ea72f\"><img loading=\"lazy\" decoding=\"async\" width=\"366\" height=\"293\" src=\"https:\/\/iramed.webs.upv.es\/wp-content\/uploads\/2024\/04\/obj_03.1.jpg\" alt=\"\" class=\"wp-image-589\" style=\"width:304px;height:auto\" srcset=\"https:\/\/iramed.webs.upv.es\/wp-content\/uploads\/2024\/04\/obj_03.1.jpg 366w, https:\/\/iramed.webs.upv.es\/wp-content\/uploads\/2024\/04\/obj_03.1-300x240.jpg 300w\" sizes=\"auto, (max-width: 366px) 100vw, 366px\" \/><\/figure><\/div>\n\n\n\n<div class=\"wp-block-column is-vertically-aligned-center eplus-wrapper is-layout-flow wp-block-column-is-layout-flow\" style=\"flex-basis:66.66%\">\n<p class=\" eplus-wrapper\">Para ello se abordar\u00e1n las siguientes actividades:<\/p>\n\n\n\n<p class=\" eplus-wrapper\">Tarea 3.1 Generar la funci\u00f3n de respuesta del espectr\u00f3metro multiesfera. De esta forma, se obtendr\u00e1 la matriz de respuesta del detector de neutrones utilizando simulaciones de Monte Carlo. Para esta tarea se desarrollar\u00e1 el modelo Monte Carlo del BSS para ejecutarlo con MCNP.<\/p>\n\n\n\n<p class=\" eplus-wrapper\">Tarea 3.2 Mediciones experimentales de BSS en un b\u00fanker LinAc. Se realizar\u00e1 un conjunto de medidas en neutrones por segundo con el dispositivo BSS en cualquier posici\u00f3n. Se realizar\u00e1 un b\u00fanker donde se deber\u00e1 estudiar el espectro de neutrones. Las instalaciones LinAc o la protonterapia pertenece a hospitales de la Comunidad Valenciana. Tambi\u00e9n se pueden utilizar otros detectores de dosis de neutrones para estudiar las dosis equivalentes en estos lugares, lo que ayudar\u00e1 a normalizar el espectro reconstruido.<\/p>\n\n\n\n<p class=\" eplus-wrapper\">Tarea 3.3 Reconstrucci\u00f3n del espectro y c\u00e1lculo de dosis. Una vez que se obtiene el espectro de energ\u00eda, se puede utilizar para estimar la dosis absorbida por los pacientes en el punto considerados de la sala que permiten mejorar los tratamientos contra el c\u00e1ncer, reduciendo los c\u00e1nceres secundarios producidos por la radiaci\u00f3n secundaria.<\/p>\n<\/div>\n<\/div>\n\n<div class=\"wp-block-columns eplus-wrapper is-layout-flex wp-container-core-columns-is-layout-28f84493 wp-block-columns-is-layout-flex eplus-styles-uid-0c9f23\">\n<div class=\"wp-block-column eplus-wrapper is-layout-flow wp-block-column-is-layout-flow\"><figure class=\" wp-block-image aligncenter size-large is-resized eplus-wrapper eplus-styles-uid-b2cc6a\"><img loading=\"lazy\" decoding=\"async\" width=\"1024\" height=\"210\" src=\"https:\/\/iramed.webs.upv.es\/wp-content\/uploads\/2024\/04\/OBJ_2_Mesa-de-trabajo-1-09-1024x210.png\" alt=\"\" class=\"wp-image-588\" style=\"width:1170px;height:auto\" srcset=\"https:\/\/iramed.webs.upv.es\/wp-content\/uploads\/2024\/04\/OBJ_2_Mesa-de-trabajo-1-09-1024x210.png 1024w, https:\/\/iramed.webs.upv.es\/wp-content\/uploads\/2024\/04\/OBJ_2_Mesa-de-trabajo-1-09-300x61.png 300w, https:\/\/iramed.webs.upv.es\/wp-content\/uploads\/2024\/04\/OBJ_2_Mesa-de-trabajo-1-09-768x157.png 768w, https:\/\/iramed.webs.upv.es\/wp-content\/uploads\/2024\/04\/OBJ_2_Mesa-de-trabajo-1-09-1536x315.png 1536w, https:\/\/iramed.webs.upv.es\/wp-content\/uploads\/2024\/04\/OBJ_2_Mesa-de-trabajo-1-09-2048x420.png 2048w\" sizes=\"auto, (max-width: 1024px) 100vw, 1024px\" \/><\/figure><\/div>\n<\/div><\/div>\n","protected":false},"excerpt":{"rendered":"<p>O3. REDUCCI\u00d3N DE DOSIS RADIOTERAPIA Y PRONTONTERAPIA En este paquete de trabajo se desarrollar\u00e1 una metodolog\u00eda para reconstruir el espectro [&hellip;]<\/p>\n","protected":false},"author":1,"featured_media":0,"parent":0,"menu_order":0,"comment_status":"closed","ping_status":"closed","template":"","meta":{"editor_plus_copied_stylings":"{}","site-sidebar-layout":"default","site-content-layout":"","ast-site-content-layout":"default","site-content-style":"default","site-sidebar-style":"default","ast-global-header-display":"","ast-banner-title-visibility":"","ast-main-header-display":"","ast-hfb-above-header-display":"","ast-hfb-below-header-display":"","ast-hfb-mobile-header-display":"","site-post-title":"disabled","ast-breadcrumbs-content":"","ast-featured-img":"","footer-sml-layout":"","ast-disable-related-posts":"","theme-transparent-header-meta":"","adv-header-id-meta":"","stick-header-meta":"","header-above-stick-meta":"","header-main-stick-meta":"","header-below-stick-meta":"","astra-migrate-meta-layouts":"default","ast-page-background-enabled":"default","ast-page-background-meta":{"desktop":{"background-color":"var(--ast-global-color-4)","background-image":"","background-repeat":"repeat","background-position":"center center","background-size":"auto","background-attachment":"scroll","background-type":"","background-media":"","overlay-type":"","overlay-color":"","overlay-opacity":"","overlay-gradient":""},"tablet":{"background-color":"","background-image":"","background-repeat":"repeat","background-position":"center center","background-size":"auto","background-attachment":"scroll","background-type":"","background-media":"","overlay-type":"","overlay-color":"","overlay-opacity":"","overlay-gradient":""},"mobile":{"background-color":"","background-image":"","background-repeat":"repeat","background-position":"center center","background-size":"auto","background-attachment":"scroll","background-type":"","background-media":"","overlay-type":"","overlay-color":"","overlay-opacity":"","overlay-gradient":""}},"ast-content-background-meta":{"desktop":{"background-color":"var(--ast-global-color-5)","background-image":"","background-repeat":"repeat","background-position":"center center","background-size":"auto","background-attachment":"scroll","background-type":"","background-media":"","overlay-type":"","overlay-color":"","overlay-opacity":"","overlay-gradient":""},"tablet":{"background-color":"var(--ast-global-color-5)","background-image":"","background-repeat":"repeat","background-position":"center center","background-size":"auto","background-attachment":"scroll","background-type":"","background-media":"","overlay-type":"","overlay-color":"","overlay-opacity":"","overlay-gradient":""},"mobile":{"background-color":"var(--ast-global-color-5)","background-image":"","background-repeat":"repeat","background-position":"center center","background-size":"auto","background-attachment":"scroll","background-type":"","background-media":"","overlay-type":"","overlay-color":"","overlay-opacity":"","overlay-gradient":""}},"footnotes":""},"class_list":["post-713","page","type-page","status-publish","hentry"],"_links":{"self":[{"href":"https:\/\/iramed.webs.upv.es\/index.php?rest_route=\/wp\/v2\/pages\/713","targetHints":{"allow":["GET"]}}],"collection":[{"href":"https:\/\/iramed.webs.upv.es\/index.php?rest_route=\/wp\/v2\/pages"}],"about":[{"href":"https:\/\/iramed.webs.upv.es\/index.php?rest_route=\/wp\/v2\/types\/page"}],"author":[{"embeddable":true,"href":"https:\/\/iramed.webs.upv.es\/index.php?rest_route=\/wp\/v2\/users\/1"}],"replies":[{"embeddable":true,"href":"https:\/\/iramed.webs.upv.es\/index.php?rest_route=%2Fwp%2Fv2%2Fcomments&post=713"}],"version-history":[{"count":17,"href":"https:\/\/iramed.webs.upv.es\/index.php?rest_route=\/wp\/v2\/pages\/713\/revisions"}],"predecessor-version":[{"id":1617,"href":"https:\/\/iramed.webs.upv.es\/index.php?rest_route=\/wp\/v2\/pages\/713\/revisions\/1617"}],"wp:attachment":[{"href":"https:\/\/iramed.webs.upv.es\/index.php?rest_route=%2Fwp%2Fv2%2Fmedia&parent=713"}],"curies":[{"name":"wp","href":"https:\/\/api.w.org\/{rel}","templated":true}]}}