{"id":55,"date":"2024-05-02T10:31:28","date_gmt":"2024-05-02T10:31:28","guid":{"rendered":"https:\/\/iramed.webs.upv.es\/?page_id=55"},"modified":"2024-06-11T08:07:30","modified_gmt":"2024-06-11T08:07:30","slug":"inicio","status":"publish","type":"page","link":"https:\/\/iramed.webs.upv.es\/?lang=es","title":{"rendered":"Inicio"},"content":{"rendered":"\n<div class=\"wp-block-group alignwide eplus-wrapper is-layout-constrained wp-block-group-is-layout-constrained\"><div class=\"wp-block-columns alignwide eplus-wrapper is-layout-flex wp-container-core-columns-is-layout-28f84493 wp-block-columns-is-layout-flex eplus-styles-uid-301900\">\n<div class=\"wp-block-column eplus-wrapper is-layout-flow wp-block-column-is-layout-flow\">\n<p class=\" eplus-wrapper\">El Instituto Universitario de Investigaci\u00f3n <strong>ISIRYM<\/strong> est\u00e1 al servicio de la sociedad y su progreso investigando y aportando soluciones para <strong>reducir el impacto de la radiaci\u00f3n ionizante<\/strong>, comprometidos con una actividad industrial m\u00e1s segura y menos nociva para las personas y el medio ambiente, de modo que el impacto de las radiaciones ionizantes, bien por sus aplicaciones o bien por la radiaci\u00f3n de origen natural, sea el menor posible.<br><br>En concreto, el grupo <strong>SENUBIO<\/strong> (Seguridad Nuclear y Bioingenier\u00eda de la Radiaci\u00f3n Ionizante) centra su trabajo en la seguridad nuclear, la protecci\u00f3n radiol\u00f3gica y la ingenier\u00eda f\u00edsico-m\u00e9dica.<br><br>Una de sus l\u00edneas de investigaci\u00f3n en el \u00e1rea de la ingenier\u00eda f\u00edsico-m\u00e9dica se dedica a la optimizaci\u00f3n y reducci\u00f3n de dosis en aplicaciones m\u00e9dicas: radiodiagn\u00f3stico, medicina nuclear y radioterapia. Esta l\u00ednea tiene como objetivo principal aportar soluciones para\u00a0 reducir las dosis impartidas por radiaciones ionizantes a las personas (pacientes y trabajadores).<br><br>En este contexto nace el proyecto IRAMED, <strong>Ionizing Radiation Dose Reduction in Medical Applications<\/strong>, proyecto Prometeo de 550.000 \u20ac para grupos de investigaci\u00f3n de excelencia alojado en la Universitat Polit\u00e8cnica de Val\u00e8ncia y financiado por la Generalitat Valenciana.<br><br>El proyecto comenz\u00f3 en 2023 y tiene una duraci\u00f3n total de 4 a\u00f1os.<\/p>\n<\/div>\n<\/div>\n\n<div class=\"wp-block-columns eplus-wrapper is-layout-flex wp-container-core-columns-is-layout-28f84493 wp-block-columns-is-layout-flex eplus-styles-uid-75abb9\">\n<div class=\"wp-block-column eplus-wrapper is-layout-flow wp-block-column-is-layout-flow\"><figure class=\" wp-block-image aligncenter size-full is-resized eplus-wrapper eplus-styles-uid-9a2500\"><img loading=\"lazy\" decoding=\"async\" width=\"1920\" height=\"1080\" src=\"https:\/\/iramed.webs.upv.es\/wp-content\/uploads\/2024\/05\/ANIMACION_HORIZONTAL_IRAMED-2.gif\" alt=\"\" class=\"wp-image-1086\" style=\"width:784px;height:auto\"><\/figure><\/div>\n<\/div><\/div>\n\n\n\n<p class=\" eplus-wrapper\"><\/p>\n","protected":false},"excerpt":{"rendered":"<p>El Instituto Universitario de Investigaci\u00f3n ISIRYM est\u00e1 al servicio de la sociedad y su progreso investigando y aportando soluciones para [&hellip;]<\/p>\n","protected":false},"author":1,"featured_media":0,"parent":0,"menu_order":0,"comment_status":"closed","ping_status":"closed","template":"","meta":{"editor_plus_copied_stylings":"{}","site-sidebar-layout":"default","site-content-layout":"","ast-site-content-layout":"default","site-content-style":"default","site-sidebar-style":"default","ast-global-header-display":"","ast-banner-title-visibility":"","ast-main-header-display":"","ast-hfb-above-header-display":"","ast-hfb-below-header-display":"","ast-hfb-mobile-header-display":"","site-post-title":"disabled","ast-breadcrumbs-content":"","ast-featured-img":"","footer-sml-layout":"","ast-disable-related-posts":"","theme-transparent-header-meta":"","adv-header-id-meta":"","stick-header-meta":"","header-above-stick-meta":"","header-main-stick-meta":"","header-below-stick-meta":"","astra-migrate-meta-layouts":"default","ast-page-background-enabled":"default","ast-page-background-meta":{"desktop":{"background-color":"var(--ast-global-color-4)","background-image":"","background-repeat":"repeat","background-position":"center center","background-size":"auto","background-attachment":"scroll","background-type":"","background-media":"","overlay-type":"","overlay-color":"","overlay-opacity":"","overlay-gradient":""},"tablet":{"background-color":"","background-image":"","background-repeat":"repeat","background-position":"center center","background-size":"auto","background-attachment":"scroll","background-type":"","background-media":"","overlay-type":"","overlay-color":"","overlay-opacity":"","overlay-gradient":""},"mobile":{"background-color":"","background-image":"","background-repeat":"repeat","background-position":"center center","background-size":"auto","background-attachment":"scroll","background-type":"","background-media":"","overlay-type":"","overlay-color":"","overlay-opacity":"","overlay-gradient":""}},"ast-content-background-meta":{"desktop":{"background-color":"var(--ast-global-color-5)","background-image":"","background-repeat":"repeat","background-position":"center center","background-size":"auto","background-attachment":"scroll","background-type":"","background-media":"","overlay-type":"","overlay-color":"","overlay-opacity":"","overlay-gradient":""},"tablet":{"background-color":"var(--ast-global-color-5)","background-image":"","background-repeat":"repeat","background-position":"center center","background-size":"auto","background-attachment":"scroll","background-type":"","background-media":"","overlay-type":"","overlay-color":"","overlay-opacity":"","overlay-gradient":""},"mobile":{"background-color":"var(--ast-global-color-5)","background-image":"","background-repeat":"repeat","background-position":"center center","background-size":"auto","background-attachment":"scroll","background-type":"","background-media":"","overlay-type":"","overlay-color":"","overlay-opacity":"","overlay-gradient":""}},"footnotes":""},"class_list":["post-55","page","type-page","status-publish","hentry"],"_links":{"self":[{"href":"https:\/\/iramed.webs.upv.es\/index.php?rest_route=\/wp\/v2\/pages\/55","targetHints":{"allow":["GET"]}}],"collection":[{"href":"https:\/\/iramed.webs.upv.es\/index.php?rest_route=\/wp\/v2\/pages"}],"about":[{"href":"https:\/\/iramed.webs.upv.es\/index.php?rest_route=\/wp\/v2\/types\/page"}],"author":[{"embeddable":true,"href":"https:\/\/iramed.webs.upv.es\/index.php?rest_route=\/wp\/v2\/users\/1"}],"replies":[{"embeddable":true,"href":"https:\/\/iramed.webs.upv.es\/index.php?rest_route=%2Fwp%2Fv2%2Fcomments&post=55"}],"version-history":[{"count":24,"href":"https:\/\/iramed.webs.upv.es\/index.php?rest_route=\/wp\/v2\/pages\/55\/revisions"}],"predecessor-version":[{"id":1521,"href":"https:\/\/iramed.webs.upv.es\/index.php?rest_route=\/wp\/v2\/pages\/55\/revisions\/1521"}],"wp:attachment":[{"href":"https:\/\/iramed.webs.upv.es\/index.php?rest_route=%2Fwp%2Fv2%2Fmedia&parent=55"}],"curies":[{"name":"wp","href":"https:\/\/api.w.org\/{rel}","templated":true}]}}