{"id":43,"date":"2024-04-11T09:41:41","date_gmt":"2024-04-11T09:41:41","guid":{"rendered":"https:\/\/iramed.webs.upv.es\/?page_id=43"},"modified":"2024-06-10T22:01:59","modified_gmt":"2024-06-10T22:01:59","slug":"meun-2","status":"publish","type":"page","link":"https:\/\/iramed.webs.upv.es\/?page_id=43&lang=es","title":{"rendered":"Grupo"},"content":{"rendered":"\n<div class=\"wp-block-group alignwide eplus-wrapper is-layout-constrained wp-block-group-is-layout-constrained\"><div class=\"wp-block-columns eplus-wrapper is-layout-flex wp-container-core-columns-is-layout-28f84493 wp-block-columns-is-layout-flex eplus-styles-uid-535d9c\">\n<div class=\"wp-block-column eplus-wrapper is-layout-flow wp-block-column-is-layout-flow\">\n<h2 class=\" wp-block-heading eplus-wrapper\">Grupo de investigaci\u00f3n IRAMED<\/h2>\n<\/div>\n<\/div>\n\n<div class=\"wp-block-columns eplus-wrapper is-layout-flex wp-container-core-columns-is-layout-28f84493 wp-block-columns-is-layout-flex eplus-styles-uid-89fd70\">\n<div class=\"wp-block-column eplus-wrapper is-layout-flow wp-block-column-is-layout-flow\">\n<p class=\" eplus-wrapper\">El equipo de investigaci\u00f3n est\u00e1 formado por un equipo multidisciplinar expertos en \u00e1reas como ingenier\u00eda f\u00edsico-m\u00e9dica, matem\u00e1ticas, f\u00edsica, estad\u00edstica y sistemas inform\u00e1ticos y de computaci\u00f3n.<\/p>\n<\/div>\n<\/div>\n\n<div class=\"wp-block-columns eplus-wrapper is-layout-flex wp-container-core-columns-is-layout-28f84493 wp-block-columns-is-layout-flex eplus-styles-uid-afaba6\">\n<div class=\"wp-block-column eplus-wrapper is-layout-flow wp-block-column-is-layout-flow\">\n<figure class=\" wp-block-image aligncenter size-large is-resized eplus-wrapper\"><img loading=\"lazy\" decoding=\"async\" width=\"1024\" height=\"655\" src=\"https:\/\/iramed.webs.upv.es\/wp-content\/uploads\/2024\/05\/IsirimGrupo-1-1024x655.jpg\" alt=\"\" class=\"wp-image-931\" style=\"width:757px;height:auto\" srcset=\"https:\/\/iramed.webs.upv.es\/wp-content\/uploads\/2024\/05\/IsirimGrupo-1-1024x655.jpg 1024w, https:\/\/iramed.webs.upv.es\/wp-content\/uploads\/2024\/05\/IsirimGrupo-1-300x192.jpg 300w, https:\/\/iramed.webs.upv.es\/wp-content\/uploads\/2024\/05\/IsirimGrupo-1-768x491.jpg 768w, https:\/\/iramed.webs.upv.es\/wp-content\/uploads\/2024\/05\/IsirimGrupo-1-1536x982.jpg 1536w, https:\/\/iramed.webs.upv.es\/wp-content\/uploads\/2024\/05\/IsirimGrupo-1-2048x1309.jpg 2048w\" sizes=\"auto, (max-width: 1024px) 100vw, 1024px\" \/><\/figure>\n<\/div>\n<\/div><\/div>\n\n\n<div class=\"wp-block-group alignwide eplus-wrapper is-layout-constrained wp-block-group-is-layout-constrained eplus-styles-uid-9e3fa4\"><p class=\" eplus-wrapper eplus-styles-uid-f538b9\"><strong>I.U.I de Seguridad Industrial, Radiof\u00edsica y Medioambiental (ISIRYM)<\/strong><\/p>\n\n<div class=\"wp-block-columns eplus-wrapper is-layout-flex wp-container-core-columns-is-layout-28f84493 wp-block-columns-is-layout-flex eplus-styles-uid-03b165\"><div class=\"wp-block-column eplus-wrapper is-layout-flow wp-block-column-is-layout-flow eplus-styles-uid-0a4cd3\">\n<p class=\" eplus-wrapper\"><a href=\"https:\/\/www.upv.es\/ficha-personal\/gverdu\" target=\"_blank\" rel=\"noreferrer noopener\">Gumersindo Jes\u00fas Verd\u00fa Mart\u00edn<\/a><\/p>\n\n\n\n<p class=\" eplus-wrapper\"><a href=\"https:\/\/www.upv.es\/ficha-personal\/rmiro\" target=\"_blank\" rel=\"noreferrer noopener\">Rafael Mir\u00f3 Herrero<\/a><\/p>\n\n\n\n<p class=\" eplus-wrapper\"><a href=\"https:\/\/www.upv.es\/ficha-personal\/sergalbe\" target=\"_blank\" rel=\"noreferrer noopener\">Sergio Gallardo Bermell<\/a><\/p>\n\n\n\n<p class=\" eplus-wrapper\"><a href=\"https:\/\/www.upv.es\/ficha-personal\/bjuste\" target=\"_blank\" rel=\"noreferrer noopener\">Bel\u00e9n Jeanne Juste Vidal<\/a><\/p>\n\n\n\n<p class=\" eplus-wrapper\"><a href=\"https:\/\/www.upv.es\/ficha-personal\/tcapilla\" target=\"_blank\" rel=\"noreferrer noopener\">Mar\u00eda Teresa Capilla Roma<\/a><\/p>\n\n\n\n<p class=\" eplus-wrapper\"><a href=\"https:\/\/www.upv.es\/ficha-personal\/jarnala\" target=\"_blank\" rel=\"noreferrer noopener\">Jos\u00e9 Miguel Arnal Arnal<\/a><\/p>\n\n\n\n<p class=\" eplus-wrapper\"><a href=\"https:\/\/www.upv.es\/pls\/oalu\/sic_person.Info?p_alias=beagarfa&amp;P_IDIOMA=c\" data-type=\"link\" data-id=\"https:\/\/www.upv.es\/pls\/oalu\/sic_person.Info?p_alias=beagarfa&amp;P_IDIOMA=v\" target=\"_blank\" rel=\"noreferrer noopener\">Beatriz Garc\u00eda Fayos<\/a><\/p>\n\n\n\n<p class=\" eplus-wrapper\"><a href=\"https:\/\/www.upv.es\/ficha-personal\/adiacom\" target=\"_blank\" rel=\"noreferrer noopener\">Adri\u00e1n D\u00edaz Comeche<\/a><\/p>\n\n\n\n<p class=\" eplus-wrapper\"><a href=\"https:\/\/www.upv.es\/ficha-personal\/jamarfe4\" target=\"_blank\" rel=\"noreferrer noopener\">Javier Enrique Mart\u00ednez Ferri<\/a><\/p>\n\n\n\n<p class=\" eplus-wrapper\"><a href=\"https:\/\/www.upv.es\/ficha-personal\/sanolgi\" target=\"_blank\" rel=\"noreferrer noopener\">Sandra Oliver Gil<\/a><\/p>\n<\/div>\n\n<div class=\"wp-block-column eplus-wrapper is-layout-flow wp-block-column-is-layout-flow eplus-styles-uid-432f43\">\n<p class=\" eplus-wrapper\">IP. del proyecto<\/p>\n\n\n\n<p class=\" eplus-wrapper\">Investigador<\/p>\n\n\n\n<p class=\" eplus-wrapper\">Investigador<\/p>\n\n\n\n<p class=\" eplus-wrapper\">Investigadora<\/p>\n\n\n\n<p class=\" eplus-wrapper\">Investigadora<\/p>\n\n\n\n<p class=\" eplus-wrapper\">Investigador<\/p>\n\n\n\n<p class=\" eplus-wrapper\">Investigadora<\/p>\n\n\n\n<p class=\" eplus-wrapper\">Personal investigaci\u00f3n predoctoral<\/p>\n\n\n\n<p class=\" eplus-wrapper\">Personal t\u00e9cnico de apoyo<\/p>\n\n\n<p class=\" eplus-wrapper eplus-styles-uid-1dee64\">Personal investigaci\u00f3n doctor<\/p><\/div>\n\n\n<div class=\"wp-block-column is-vertically-aligned-center eplus-wrapper is-layout-flow wp-block-column-is-layout-flow\"><\/div>\n<\/div><\/div>\n\n<div class=\"wp-block-group alignwide eplus-wrapper is-layout-constrained wp-block-group-is-layout-constrained eplus-styles-uid-9e3fa4\"><p class=\" eplus-wrapper eplus-styles-uid-0f6d0a\"><strong>Dpto. de Estad\u00edstica e Investigaci\u00f3n Operativa Aplicadas y Calidad<\/strong><\/p>\n\n<div class=\"wp-block-columns eplus-wrapper is-layout-flex wp-container-core-columns-is-layout-28f84493 wp-block-columns-is-layout-flex eplus-styles-uid-e44d1a\">\n<div class=\"wp-block-column eplus-wrapper is-layout-flow wp-block-column-is-layout-flow\">\n<p class=\" eplus-wrapper\"><a href=\"https:\/\/www.upv.es\/ficha-personal\/juagardi\" target=\"_blank\" rel=\"noreferrer noopener\">Juan Carlos Garc\u00eda D\u00edaz<\/a><\/p>\n<\/div>\n\n\n\n<div class=\"wp-block-column eplus-wrapper is-layout-flow wp-block-column-is-layout-flow\">\n<p class=\" eplus-wrapper\">Investigador<\/p>\n<\/div>\n\n\n\n<div class=\"wp-block-column eplus-wrapper is-layout-flow wp-block-column-is-layout-flow\"><\/div>\n<\/div><\/div>\n\n<div class=\"wp-block-group alignwide eplus-wrapper is-layout-constrained wp-block-group-is-layout-constrained eplus-styles-uid-bf4977\"><p class=\" eplus-wrapper eplus-styles-uid-0f6d0a\"><strong><strong>I.U.I de Matem\u00e1ticas Multidisciplinar (IMM)<\/strong><\/strong><\/p>\n\n<div class=\"wp-block-columns eplus-wrapper is-layout-flex wp-container-core-columns-is-layout-28f84493 wp-block-columns-is-layout-flex eplus-styles-uid-c81408\">\n<div class=\"wp-block-column eplus-wrapper is-layout-flow wp-block-column-is-layout-flow\">\n<p class=\" eplus-wrapper\"><a href=\"https:\/\/www.upv.es\/ficha-personal\/dginesta\" target=\"_blank\" rel=\"noreferrer noopener\">Dami\u00e1n Ginestar Peir\u00f3<\/a><\/p>\n<\/div>\n\n\n\n<div class=\"wp-block-column eplus-wrapper is-layout-flow wp-block-column-is-layout-flow\">\n<p class=\" eplus-wrapper\">Investigador<\/p>\n<\/div>\n\n\n\n<div class=\"wp-block-column eplus-wrapper is-layout-flow wp-block-column-is-layout-flow\"><\/div>\n<\/div><\/div>\n\n<div class=\"wp-block-group alignwide eplus-wrapper is-layout-constrained wp-block-group-is-layout-constrained eplus-styles-uid-bf4977\"><p class=\" eplus-wrapper eplus-styles-uid-0f6d0a\"><strong><strong><strong>Dpto. de Sistemas Inform\u00e1ticos y Computaci\u00f3n (DSIC)<\/strong><\/strong><\/strong><\/p>\n\n<div class=\"wp-block-columns eplus-wrapper is-layout-flex wp-container-core-columns-is-layout-28f84493 wp-block-columns-is-layout-flex eplus-styles-uid-ab4008\">\n<div class=\"wp-block-column eplus-wrapper is-layout-flow wp-block-column-is-layout-flow\">\n<p class=\" eplus-wrapper\"><a href=\"https:\/\/www.upv.es\/ficha-personal\/VVIDAL\" target=\"_blank\" rel=\"noreferrer noopener\">Vicente Emilio Vidal Gimeno<\/a><\/p>\n\n\n<p class=\" eplus-wrapper eplus-styles-uid-432f43\"><a href=\"https:\/\/www.upv.es\/ficha-personal\/jroman\" target=\"_blank\" rel=\"noreferrer noopener\">Jos\u00e9 E. Rom\u00e1n Molt\u00f3<\/a><\/p><\/div>\n\n\n\n<div class=\"wp-block-column eplus-wrapper is-layout-flow wp-block-column-is-layout-flow\">\n<p class=\" eplus-wrapper\">Investigador<\/p>\n\n\n\n<p class=\" eplus-wrapper\">Investigador<\/p>\n<\/div>\n\n\n\n<div class=\"wp-block-column eplus-wrapper is-layout-flow wp-block-column-is-layout-flow\"><\/div>\n<\/div><\/div>","protected":false},"excerpt":{"rendered":"<p>Grupo de investigaci\u00f3n IRAMED El equipo de investigaci\u00f3n est\u00e1 formado por un equipo multidisciplinar expertos en \u00e1reas como ingenier\u00eda f\u00edsico-m\u00e9dica, [&hellip;]<\/p>\n","protected":false},"author":1,"featured_media":0,"parent":0,"menu_order":0,"comment_status":"closed","ping_status":"closed","template":"","meta":{"editor_plus_copied_stylings":"{}","site-sidebar-layout":"default","site-content-layout":"","ast-site-content-layout":"default","site-content-style":"default","site-sidebar-style":"default","ast-global-header-display":"","ast-banner-title-visibility":"","ast-main-header-display":"","ast-hfb-above-header-display":"","ast-hfb-below-header-display":"","ast-hfb-mobile-header-display":"","site-post-title":"disabled","ast-breadcrumbs-content":"","ast-featured-img":"","footer-sml-layout":"","ast-disable-related-posts":"","theme-transparent-header-meta":"","adv-header-id-meta":"","stick-header-meta":"","header-above-stick-meta":"","header-main-stick-meta":"","header-below-stick-meta":"","astra-migrate-meta-layouts":"default","ast-page-background-enabled":"default","ast-page-background-meta":{"desktop":{"background-color":"var(--ast-global-color-4)","background-image":"","background-repeat":"repeat","background-position":"center center","background-size":"auto","background-attachment":"scroll","background-type":"","background-media":"","overlay-type":"","overlay-color":"","overlay-opacity":"","overlay-gradient":""},"tablet":{"background-color":"","background-image":"","background-repeat":"repeat","background-position":"center center","background-size":"auto","background-attachment":"scroll","background-type":"","background-media":"","overlay-type":"","overlay-color":"","overlay-opacity":"","overlay-gradient":""},"mobile":{"background-color":"","background-image":"","background-repeat":"repeat","background-position":"center center","background-size":"auto","background-attachment":"scroll","background-type":"","background-media":"","overlay-type":"","overlay-color":"","overlay-opacity":"","overlay-gradient":""}},"ast-content-background-meta":{"desktop":{"background-color":"var(--ast-global-color-5)","background-image":"","background-repeat":"repeat","background-position":"center center","background-size":"auto","background-attachment":"scroll","background-type":"","background-media":"","overlay-type":"","overlay-color":"","overlay-opacity":"","overlay-gradient":""},"tablet":{"background-color":"var(--ast-global-color-5)","background-image":"","background-repeat":"repeat","background-position":"center center","background-size":"auto","background-attachment":"scroll","background-type":"","background-media":"","overlay-type":"","overlay-color":"","overlay-opacity":"","overlay-gradient":""},"mobile":{"background-color":"var(--ast-global-color-5)","background-image":"","background-repeat":"repeat","background-position":"center center","background-size":"auto","background-attachment":"scroll","background-type":"","background-media":"","overlay-type":"","overlay-color":"","overlay-opacity":"","overlay-gradient":""}},"footnotes":""},"class_list":["post-43","page","type-page","status-publish","hentry"],"_links":{"self":[{"href":"https:\/\/iramed.webs.upv.es\/index.php?rest_route=\/wp\/v2\/pages\/43","targetHints":{"allow":["GET"]}}],"collection":[{"href":"https:\/\/iramed.webs.upv.es\/index.php?rest_route=\/wp\/v2\/pages"}],"about":[{"href":"https:\/\/iramed.webs.upv.es\/index.php?rest_route=\/wp\/v2\/types\/page"}],"author":[{"embeddable":true,"href":"https:\/\/iramed.webs.upv.es\/index.php?rest_route=\/wp\/v2\/users\/1"}],"replies":[{"embeddable":true,"href":"https:\/\/iramed.webs.upv.es\/index.php?rest_route=%2Fwp%2Fv2%2Fcomments&post=43"}],"version-history":[{"count":72,"href":"https:\/\/iramed.webs.upv.es\/index.php?rest_route=\/wp\/v2\/pages\/43\/revisions"}],"predecessor-version":[{"id":1445,"href":"https:\/\/iramed.webs.upv.es\/index.php?rest_route=\/wp\/v2\/pages\/43\/revisions\/1445"}],"wp:attachment":[{"href":"https:\/\/iramed.webs.upv.es\/index.php?rest_route=%2Fwp%2Fv2%2Fmedia&parent=43"}],"curies":[{"name":"wp","href":"https:\/\/api.w.org\/{rel}","templated":true}]}}