{"id":162,"date":"2024-04-15T15:44:58","date_gmt":"2024-04-15T15:44:58","guid":{"rendered":"https:\/\/iramed.webs.upv.es\/?page_id=162"},"modified":"2026-01-26T09:54:35","modified_gmt":"2026-01-26T09:54:35","slug":"resultados-eventos","status":"publish","type":"page","link":"https:\/\/iramed.webs.upv.es\/?page_id=162&lang=es","title":{"rendered":"Eventos"},"content":{"rendered":"\n<div class=\"wp-block-group alignwide eplus-wrapper is-layout-constrained wp-block-group-is-layout-constrained\">\n<h2 class=\" wp-block-heading eplus-wrapper\">CURSO DE DOSIMETR\u00cdA NEUTR\u00d3NICA<\/h2>\n\n\n<div class=\"wp-block-columns eplus-wrapper is-layout-flex wp-container-core-columns-is-layout-28f84493 wp-block-columns-is-layout-flex eplus-styles-uid-ddd722\">\n<div class=\"wp-block-column eplus-wrapper is-layout-flow wp-block-column-is-layout-flow\">\n<p class=\" eplus-wrapper\">Durante los d\u00edas <strong>19 y 20 de febrero del 2025 <\/strong>se ha realizado el curso <strong>Dosimetr\u00eda Neutr\u00f3nica<\/strong>, impartido por el profesor Roberto M\u00e9ndez Villafa\u00f1e del CIEMAT. Este curso ha sido promovido por los investigadores del grupo IRAMED desde el Dpto. de Ingenier\u00eda Qu\u00edmica y Nuclear y ha sido financiado por la C\u00e1tedra CSN\/UPV en Seguridad Nuclear y Protecci\u00f3n Radiol\u00f3gica<\/p>\n\n\n\n<p class=\" eplus-wrapper\">Al terminar el curso el alumno ser\u00e1 capaz de conocer los equipos de detecci\u00f3n de neutrones, as\u00ed como, los conocimientos relativos a la dosimetr\u00eda de neutrones y los equipos de dosimetr\u00eda que se utilizan. El alumno conocer\u00e1 los distintos m\u00e9todos espectrom\u00e9tricos que existen y aplicaciones reales de \u00e9stos. Adem\u00e1s, ser\u00e1 capaz de aplicar las normas internacionales para la metrolog\u00eda neutr\u00f3nica.<\/p>\n<\/div>\n\n\n\n<div class=\"wp-block-column is-vertically-aligned-center eplus-wrapper is-layout-flow wp-block-column-is-layout-flow\">\n<figure class=\" wp-block-image size-large eplus-wrapper\"><img loading=\"lazy\" decoding=\"async\" width=\"1024\" height=\"813\" src=\"https:\/\/iramed.webs.upv.es\/wp-content\/uploads\/2026\/01\/IMG-20250220-WA0002-1024x813.jpg\" alt=\"\" class=\"wp-image-1697\" srcset=\"https:\/\/iramed.webs.upv.es\/wp-content\/uploads\/2026\/01\/IMG-20250220-WA0002-1024x813.jpg 1024w, https:\/\/iramed.webs.upv.es\/wp-content\/uploads\/2026\/01\/IMG-20250220-WA0002-300x238.jpg 300w, https:\/\/iramed.webs.upv.es\/wp-content\/uploads\/2026\/01\/IMG-20250220-WA0002-768x610.jpg 768w, https:\/\/iramed.webs.upv.es\/wp-content\/uploads\/2026\/01\/IMG-20250220-WA0002-1536x1220.jpg 1536w, https:\/\/iramed.webs.upv.es\/wp-content\/uploads\/2026\/01\/IMG-20250220-WA0002.jpg 2048w\" sizes=\"auto, (max-width: 1024px) 100vw, 1024px\" \/><\/figure>\n<\/div>\n<\/div><\/div>\n\n\n\n<div class=\"wp-block-group alignwide eplus-wrapper is-layout-constrained wp-block-group-is-layout-constrained\">\n<h2 class=\" wp-block-heading eplus-wrapper\">EVENTO ICDA4<\/h2>\n\n\n<div class=\"wp-block-columns eplus-wrapper is-layout-flex wp-container-core-columns-is-layout-28f84493 wp-block-columns-is-layout-flex eplus-styles-uid-d20824\">\n<div class=\"wp-block-column eplus-wrapper is-layout-flow wp-block-column-is-layout-flow\">\n<p class=\" eplus-wrapper\">El congreso <strong><a href=\"https:\/\/icda-4.webs.upv.es\/\" target=\"_blank\" rel=\"noreferrer noopener\">4th International Conference on Dosimetry and its Applications<\/a><\/strong> (4\u00aa Conferencia Internacional de Dosimetr\u00eda y sus Aplicaciones (ICDA-4)) se celebr\u00f3 del 16 al 20 de octubre del 2023 en la Ciudad Polit\u00e9cnica de la Innovaci\u00f3n de la Universitat Polit\u00e8cnica de Val\u00e8ncia, una moderna instalaci\u00f3n en el coraz\u00f3n del campus universitario.<\/p>\n\n\n\n<p class=\" eplus-wrapper\">El Congreso, promovido por el I.U.I de Seguridad Industrial, Radiof\u00edsica y Medioambiental (ISIRYM) ha sido todo un \u00e9xito de participaci\u00f3n y calidad cient\u00edfica en el \u00e1rea de la dosimetr\u00eda y sus aplicaciones. El Comit\u00e9 Organizador del Congreso estaba formado por varios de los miembros que participan en el grupo de investigaci\u00f3n del proyecto IRAMED, siendo Gumersindo Verd\u00fa el presidente organizador del Congreso, junto con la estrecha colaboraci\u00f3n de Bel\u00e9n Jeanne Juste Vidal.<\/p>\n<\/div>\n\n\n\n<div class=\"wp-block-column is-vertically-aligned-center eplus-wrapper is-layout-flow wp-block-column-is-layout-flow\">\n<figure class=\" wp-block-image size-large eplus-wrapper\"><img loading=\"lazy\" decoding=\"async\" width=\"1024\" height=\"681\" src=\"https:\/\/iramed.webs.upv.es\/wp-content\/uploads\/2024\/04\/evento_1-1024x681.jpg\" alt=\"\" class=\"wp-image-163\" srcset=\"https:\/\/iramed.webs.upv.es\/wp-content\/uploads\/2024\/04\/evento_1-1024x681.jpg 1024w, https:\/\/iramed.webs.upv.es\/wp-content\/uploads\/2024\/04\/evento_1-300x200.jpg 300w, https:\/\/iramed.webs.upv.es\/wp-content\/uploads\/2024\/04\/evento_1-768x511.jpg 768w, https:\/\/iramed.webs.upv.es\/wp-content\/uploads\/2024\/04\/evento_1.jpg 1433w\" sizes=\"auto, (max-width: 1024px) 100vw, 1024px\" \/><\/figure>\n<\/div>\n<\/div>\n\n<div class=\"wp-block-columns eplus-wrapper is-layout-flex wp-container-core-columns-is-layout-28f84493 wp-block-columns-is-layout-flex eplus-styles-uid-62c19a\">\n<div class=\"wp-block-column is-vertically-aligned-center eplus-wrapper is-layout-flow wp-block-column-is-layout-flow\"><figure class=\" wp-block-image aligncenter size-full is-resized eplus-wrapper eplus-styles-uid-9a2500\"><img loading=\"lazy\" decoding=\"async\" width=\"802\" height=\"446\" src=\"https:\/\/iramed.webs.upv.es\/wp-content\/uploads\/2024\/04\/EVENTO_2-1.jpg\" alt=\"\" class=\"wp-image-208\" style=\"width:633px;height:auto\" srcset=\"https:\/\/iramed.webs.upv.es\/wp-content\/uploads\/2024\/04\/EVENTO_2-1.jpg 802w, https:\/\/iramed.webs.upv.es\/wp-content\/uploads\/2024\/04\/EVENTO_2-1-300x167.jpg 300w, https:\/\/iramed.webs.upv.es\/wp-content\/uploads\/2024\/04\/EVENTO_2-1-768x427.jpg 768w\" sizes=\"auto, (max-width: 802px) 100vw, 802px\" \/><\/figure><\/div>\n<\/div><\/div>\n","protected":false},"excerpt":{"rendered":"<p>CURSO DE DOSIMETR\u00cdA NEUTR\u00d3NICA Durante los d\u00edas 19 y 20 de febrero del 2025 se ha realizado el curso Dosimetr\u00eda [&hellip;]<\/p>\n","protected":false},"author":1,"featured_media":0,"parent":0,"menu_order":0,"comment_status":"closed","ping_status":"closed","template":"","meta":{"editor_plus_copied_stylings":"{}","site-sidebar-layout":"default","site-content-layout":"","ast-site-content-layout":"default","site-content-style":"default","site-sidebar-style":"default","ast-global-header-display":"","ast-banner-title-visibility":"","ast-main-header-display":"","ast-hfb-above-header-display":"","ast-hfb-below-header-display":"","ast-hfb-mobile-header-display":"","site-post-title":"disabled","ast-breadcrumbs-content":"","ast-featured-img":"","footer-sml-layout":"","ast-disable-related-posts":"","theme-transparent-header-meta":"","adv-header-id-meta":"","stick-header-meta":"","header-above-stick-meta":"","header-main-stick-meta":"","header-below-stick-meta":"","astra-migrate-meta-layouts":"default","ast-page-background-enabled":"default","ast-page-background-meta":{"desktop":{"background-color":"var(--ast-global-color-4)","background-image":"","background-repeat":"repeat","background-position":"center center","background-size":"auto","background-attachment":"scroll","background-type":"","background-media":"","overlay-type":"","overlay-color":"","overlay-opacity":"","overlay-gradient":""},"tablet":{"background-color":"","background-image":"","background-repeat":"repeat","background-position":"center center","background-size":"auto","background-attachment":"scroll","background-type":"","background-media":"","overlay-type":"","overlay-color":"","overlay-opacity":"","overlay-gradient":""},"mobile":{"background-color":"","background-image":"","background-repeat":"repeat","background-position":"center center","background-size":"auto","background-attachment":"scroll","background-type":"","background-media":"","overlay-type":"","overlay-color":"","overlay-opacity":"","overlay-gradient":""}},"ast-content-background-meta":{"desktop":{"background-color":"var(--ast-global-color-5)","background-image":"","background-repeat":"repeat","background-position":"center center","background-size":"auto","background-attachment":"scroll","background-type":"","background-media":"","overlay-type":"","overlay-color":"","overlay-opacity":"","overlay-gradient":""},"tablet":{"background-color":"var(--ast-global-color-5)","background-image":"","background-repeat":"repeat","background-position":"center center","background-size":"auto","background-attachment":"scroll","background-type":"","background-media":"","overlay-type":"","overlay-color":"","overlay-opacity":"","overlay-gradient":""},"mobile":{"background-color":"var(--ast-global-color-5)","background-image":"","background-repeat":"repeat","background-position":"center center","background-size":"auto","background-attachment":"scroll","background-type":"","background-media":"","overlay-type":"","overlay-color":"","overlay-opacity":"","overlay-gradient":""}},"footnotes":""},"class_list":["post-162","page","type-page","status-publish","hentry"],"_links":{"self":[{"href":"https:\/\/iramed.webs.upv.es\/index.php?rest_route=\/wp\/v2\/pages\/162","targetHints":{"allow":["GET"]}}],"collection":[{"href":"https:\/\/iramed.webs.upv.es\/index.php?rest_route=\/wp\/v2\/pages"}],"about":[{"href":"https:\/\/iramed.webs.upv.es\/index.php?rest_route=\/wp\/v2\/types\/page"}],"author":[{"embeddable":true,"href":"https:\/\/iramed.webs.upv.es\/index.php?rest_route=\/wp\/v2\/users\/1"}],"replies":[{"embeddable":true,"href":"https:\/\/iramed.webs.upv.es\/index.php?rest_route=%2Fwp%2Fv2%2Fcomments&post=162"}],"version-history":[{"count":24,"href":"https:\/\/iramed.webs.upv.es\/index.php?rest_route=\/wp\/v2\/pages\/162\/revisions"}],"predecessor-version":[{"id":1698,"href":"https:\/\/iramed.webs.upv.es\/index.php?rest_route=\/wp\/v2\/pages\/162\/revisions\/1698"}],"wp:attachment":[{"href":"https:\/\/iramed.webs.upv.es\/index.php?rest_route=%2Fwp%2Fv2%2Fmedia&parent=162"}],"curies":[{"name":"wp","href":"https:\/\/api.w.org\/{rel}","templated":true}]}}