{"id":1559,"date":"2024-04-15T15:22:34","date_gmt":"2024-04-15T15:22:34","guid":{"rendered":"https:\/\/iramed.webs.upv.es\/?page_id=1559"},"modified":"2026-01-23T11:00:58","modified_gmt":"2026-01-23T11:00:58","slug":"orueba-en-infles","status":"publish","type":"page","link":"https:\/\/iramed.webs.upv.es\/?page_id=1559","title":{"rendered":"Scientific Publications"},"content":{"rendered":"\n<div class=\"wp-block-group alignwide eplus-wrapper is-layout-constrained wp-block-group-is-layout-constrained\">\n<h2 class=\" wp-block-heading eplus-wrapper\"><strong><strong>SCIENTIFIC PUBLICATIONS<\/strong><\/strong><\/h2>\n\n\n<div class=\"wp-block-columns eplus-wrapper is-layout-flex wp-container-core-columns-is-layout-28f84493 wp-block-columns-is-layout-flex eplus-styles-uid-0d62bd\">\n<div class=\"wp-block-column eplus-wrapper is-layout-flow wp-block-column-is-layout-flow\">\n<p class=\" eplus-wrapper\">D\u00edaz-Comeche, A.; Oliver-Gil, S.; Juste-Vidal, B.; Mir\u00f3-Herrero, R.; Morat\u00f3-Rafet, S.; Verd\u00fa-Mart\u00edn, G. <strong>Monte Carlo study of neutron spectra unfolding for a proton beam using MLEM<\/strong>. Radiation Physics and Chemistry. Vol. 233, 112702, pp. 1 &#8211; 6. 2025. ISSN 0969-806X. <a href=\"https:\/\/doi.org\/10.1016\/j.radphyschem.2025.112702\" target=\"_blank\" rel=\"noreferrer noopener\">https:\/\/doi.org\/10.1016\/j.radphyschem.2025.112702<\/a><\/p>\n\n\n\n<p class=\" eplus-wrapper\">Morat\u00f3-Rafet, S.; Juste-Vidal, B.; Mir\u00f3-Herrero, R.; Santos, A.; Badal, A.; Lee, Ch.; Verd\u00fa-Mart\u00edn, G.; Mille, M. <strong>Patient-specific organ dose calculation using automatic segmentation and extension of CT scans.<\/strong> Radiation Physics and Chemistry. Vol. 237, 113013, 2025. ISSN 0969-806X. <a href=\"https:\/\/doi.org\/10.1016\/j.radphyschem.2025.113013\" target=\"_blank\" rel=\"noreferrer noopener\">https:\/\/doi.org\/10.1016\/j.radphyschem.2025.113013<\/a><\/p>\n\n\n\n<p class=\" eplus-wrapper\">Pe\u00f1a-Acosta, M.; Gallardo-Bermell, S.; Lorduy-Al\u00f3s, M.; Verd\u00fa-Mart\u00edn, G. <strong>Application of NEMA protocols to verify GATE models based on the Digital Biograph Vision and the Biograph Vision Quadra scanners. <\/strong>Zeitschrift f\u00fcr Medizinische Physik. Vol. 35, pp. 318 &#8211; 330. 2025. ISSN 0939-3889. <a href=\"https:\/\/doi.org\/10.1016\/j.zemedi.2024.01.005\">https:\/\/doi.org\/10.1016\/j.zemedi.2024.01.005<\/a><\/p>\n\n\n\n<p class=\" eplus-wrapper\">Chillar\u00f3n P\u00e9rez, M., Vidal, V.E., Verd\u00fa, G.J., Quintana-Ort\u00ed, G. <strong>Few-View CT Image Reconstruction via Least-Squares Methods: Assessment and Optimization <\/strong>Nuclear Science and Engineering, 2024, 198(2), pp. 193\u2013206. <a href=\"https:\/\/www.tandfonline.com\/doi\/full\/10.1080\/00295639.2023.2199677\" target=\"_blank\" rel=\"noreferrer noopener\">https:\/\/www.tandfonline.com\/doi\/full\/10.1080\/00295639.2023.2199677<\/a><\/p>\n\n\n\n<p class=\" eplus-wrapper\">D\u00edaz-Comeche, A., Oliver, S., Juste, B., Mir\u00f3, R., Verd\u00fa, G. <strong>Methodology for integrating MCNP6 Monte Carlo simulation into PLUNC for prostate brachytherapy Planning. <\/strong>Radiation Physics and Chemistry, 2024, 223, 111955. <a href=\"https:\/\/doi.org\/10.1016\/j.radphyschem.2024.111955\" target=\"_blank\" rel=\"noreferrer noopener\">https:\/\/doi.org\/10.1016\/j.radphyschem.2024.111955 <\/a><\/p>\n\n\n\n<p class=\" eplus-wrapper\">Garc\u00eda-Domingo, J.J.; Oliver-Gil, S.; Juste-Vidal, B.; Mir\u00f3-Herrero, R.; Verd\u00fa-Mart\u00edn, G. <strong>An\u00e1lisis de un cabezal de protonterapia mediante el m\u00e9todo Monte Carlo. <\/strong>Nuclear Espa\u00f1a. Vol. 20, pp. 1 &#8211; 5. 2024. ISSN 1137-2885. <\/p>\n\n\n\n<p class=\" eplus-wrapper\">Lorduy-Al\u00f3s, M., Avelino de Andrade, P.H., Pe\u00f1a-Acosta, M.M., Gallardo, S., Verd\u00fa, G. <strong>PET image reconstruction and dosimetry from voxelized phantoms with GATE.<\/strong> Radiation Physics and Chemistry, 2024, 222, 111833. <a href=\"https:\/\/doi.org\/10.1016\/j.radphyschem.2024.111833\" target=\"_blank\" rel=\"noreferrer noopener\">https:\/\/doi.org\/10.1016\/j.radphyschem.2024.111833<\/a><\/p>\n\n\n\n<p class=\" eplus-wrapper\">Oliver, S., Cases, J., Juste, B., Mir\u00f3, R., Verd\u00fa, G. <strong>Determination of organ doses in thyroid treatments with radioactive iodine by Monte Carlo simulation. <\/strong>Radiation Physics and Chemistry, 2024, 221, 111737. <a href=\"https:\/\/doi.org\/10.1016\/j.radphyschem.2024.111737\" target=\"_blank\" rel=\"noreferrer noopener\">https:\/\/doi.org\/10.1016\/j.radphyschem.2024.111737 <\/a><\/p>\n\n\n\n<p class=\" eplus-wrapper\">Oliver, S., Morat\u00f3, S., Juste, B., Tejedor, N., P\u00e9rez-Calatayud, J.\u00a0 <strong>MLEM Neutron Spectra Unfolding in a Radiotherapy Bunker Using Bonner Sphere Spectrometer. <\/strong>Nuclear Science and Engineering, 2024, 198(2), pp. 264\u2013273.  <a href=\"https:\/\/doi.org\/10.1080\/00295639.2023.2192312\" target=\"_blank\" rel=\"noreferrer noopener\">https:\/\/doi.org\/10.1080\/00295639.2023.2192312 <\/a><\/p>\n\n\n\n<p class=\" eplus-wrapper\">Oliver, S., Juste, B., Mir\u00f3, R., Verd\u00fa, G. <strong>A methodology for computationally generating phase space files for Monte Carlo simulations applied to treatment plans for medical linear accelerators. <\/strong>Radiation Physics and Chemistry, 2024, 224, 112109. <a href=\"https:\/\/doi.org\/10.1016\/j.radphyschem.2024.112109\" target=\"_blank\" rel=\"noreferrer noopener\">https:\/\/doi.org\/10.1016\/j.radphyschem.2024.112109 <\/a><\/p>\n\n\n\n<p class=\" eplus-wrapper\">Pe\u00f1a-Acosta, M.M., Gallardo, S., Lorduy-Al\u00f3s, M., Verd\u00fa, G. <strong>Modelization of extended axial field-of-view PET scanners to analyze the performance improvement. <\/strong>Radiation Physics and Chemistry, 2024, 222, 111793. <a href=\"https:\/\/doi.org\/10.1016\/j.radphyschem.2024.111793\" target=\"_blank\" rel=\"noreferrer noopener\">https:\/\/doi.org\/10.1016\/j.radphyschem.2024.111793<\/a><\/p>\n\n\n\n<p class=\" eplus-wrapper\">Ribes, V., Oliver, S., Juste, B., Mir\u00f3, R., Verd\u00fa, G. <strong>Towards personalized patient 3D Monte Carlo dosimetry for Lu-177-psma prostate treatments. <\/strong>Radiation Physics and Chemistry, 2024, 223, 111890. <a href=\"https:\/\/doi.org\/10.1016\/j.radphyschem.2024.111890\" target=\"_blank\" rel=\"noreferrer noopener\">https:\/\/doi.org\/10.1016\/j.radphyschem.2024.111890 <\/a><\/p>\n\n\n\n<p class=\" eplus-wrapper\">Saez-Mu\u00f1oz, M.; Cerezo, A; Prieto, E.; Salvado, M.; Hernandez, V.; Duch, M.; Camp, A.; Gallego, E.; Gonzalez, J.; Verd\u00fa, G. <strong>Recent radiation protection activities related to nuclear facilities on the Iberian Peninsula. <\/strong>Nuclear Engineering and Design, 2024, 417, Art. 112826. DOI: <a href=\"https:\/\/doi.org\/10.1016\/j.nucengdes.2023.112826\" target=\"_blank\" rel=\"noreferrer noopener\">https:\/\/doi.org\/10.1016\/j.nucengdes.2023.112826<\/a><\/p>\n\n\n\n<p class=\" eplus-wrapper\">Oliver-Gil, S.; Gim\u00e9nez-Alventosa, V.; Berumen, F. rancisco; Gim\u00e9nez-G\u00f3mez, V.; Beaulieu, L.; Ballester, F.; Vijande-Asenjo, J.\u00a0<strong>Benchmark of the PenRed Monte Carlo framework for HDR brachytherapy.<\/strong>\u00a0Zeitschrift f\u00fcr Medizinische Physik. Vol. 33, pp. 511 &#8211; 528. 2023. ISSN 0939-3889. <a href=\"https:\/\/doi.org\/10.1016\/j.zemedi.2022.11.002\" target=\"_blank\" rel=\"noreferrer noopener\">DOI:10.1016\/j.zemedi.2022.11.002<\/a><\/p>\n\n\n\n<p class=\" eplus-wrapper\">Oliver-Gil, S.; Vijande-Asenjo, J.; Tejedor, N.; Mir\u00f3-Herrero, R.; Rovira-Escutia, J. J.; Ballester, F.; Juste-Vidal, B.; Carmona, V.; Felici, G.; Verd\u00fa-Mart\u00edn, G.; Sanchis-Peris, E.; Conde-Moreno, A.J.; P\u00e9rez-Calatayud, J.\u00a0<strong>Monte Carlo flattening filter design to high energy intraoperative electron beam homogenization.<\/strong>\u00a0Radiation Physics and Chemistry. Vol. 212, pp. 1 &#8211; 6. 2023. ISSN 0969-806X.\u00a0<a href=\"https:\/\/www.sciencedirect.com\/science\/article\/pii\/S0969806X2300347X\" target=\"_blank\" rel=\"noreferrer noopener\">DOI:10.1016\/j.radphyschem.2023.111102<\/a><\/p>\n\n\n\n<p class=\" eplus-wrapper\">Oliver-Gil, S.; Juste-Vidal, B.; Mir\u00f3-Herrero, R.; Verd\u00fa-Mart\u00edn, G.\u00a0<strong>Toolkit implementation to exchange phase-space files between IAEA and MCNP6 monte Carlo code format.<\/strong>\u00a0International Journal of Radiation Biology. Vol. 99, pp. 373 &#8211; 383. 2023. ISSN 0955-3002. <a href=\"https:\/\/www.tandfonline.com\/doi\/abs\/10.1080\/09553002.2022.2110296\" target=\"_blank\" rel=\"noreferrer noopener\">DOI:10.1080\/09553002.2022.2110296<\/a><\/p>\n<\/div>\n<\/div><\/div>\n\n\n\n<p class=\" eplus-wrapper\"><\/p>\n","protected":false},"excerpt":{"rendered":"<p>SCIENTIFIC PUBLICATIONS D\u00edaz-Comeche, A.; Oliver-Gil, S.; Juste-Vidal, B.; Mir\u00f3-Herrero, R.; Morat\u00f3-Rafet, S.; Verd\u00fa-Mart\u00edn, G. Monte Carlo study of neutron spectra [&hellip;]<\/p>\n","protected":false},"author":1,"featured_media":0,"parent":0,"menu_order":0,"comment_status":"closed","ping_status":"closed","template":"","meta":{"editor_plus_copied_stylings":"{}","site-sidebar-layout":"default","site-content-layout":"","ast-site-content-layout":"default","site-content-style":"default","site-sidebar-style":"default","ast-global-header-display":"","ast-banner-title-visibility":"","ast-main-header-display":"","ast-hfb-above-header-display":"","ast-hfb-below-header-display":"","ast-hfb-mobile-header-display":"","site-post-title":"disabled","ast-breadcrumbs-content":"","ast-featured-img":"","footer-sml-layout":"","ast-disable-related-posts":"","theme-transparent-header-meta":"","adv-header-id-meta":"","stick-header-meta":"","header-above-stick-meta":"","header-main-stick-meta":"","header-below-stick-meta":"","astra-migrate-meta-layouts":"default","ast-page-background-enabled":"default","ast-page-background-meta":{"desktop":{"background-color":"var(--ast-global-color-4)","background-image":"","background-repeat":"repeat","background-position":"center center","background-size":"auto","background-attachment":"scroll","background-type":"","background-media":"","overlay-type":"","overlay-color":"","overlay-opacity":"","overlay-gradient":""},"tablet":{"background-color":"","background-image":"","background-repeat":"repeat","background-position":"center center","background-size":"auto","background-attachment":"scroll","background-type":"","background-media":"","overlay-type":"","overlay-color":"","overlay-opacity":"","overlay-gradient":""},"mobile":{"background-color":"","background-image":"","background-repeat":"repeat","background-position":"center center","background-size":"auto","background-attachment":"scroll","background-type":"","background-media":"","overlay-type":"","overlay-color":"","overlay-opacity":"","overlay-gradient":""}},"ast-content-background-meta":{"desktop":{"background-color":"var(--ast-global-color-5)","background-image":"","background-repeat":"repeat","background-position":"center center","background-size":"auto","background-attachment":"scroll","background-type":"","background-media":"","overlay-type":"","overlay-color":"","overlay-opacity":"","overlay-gradient":""},"tablet":{"background-color":"var(--ast-global-color-5)","background-image":"","background-repeat":"repeat","background-position":"center center","background-size":"auto","background-attachment":"scroll","background-type":"","background-media":"","overlay-type":"","overlay-color":"","overlay-opacity":"","overlay-gradient":""},"mobile":{"background-color":"var(--ast-global-color-5)","background-image":"","background-repeat":"repeat","background-position":"center center","background-size":"auto","background-attachment":"scroll","background-type":"","background-media":"","overlay-type":"","overlay-color":"","overlay-opacity":"","overlay-gradient":""}},"footnotes":""},"class_list":["post-1559","page","type-page","status-publish","hentry"],"_links":{"self":[{"href":"https:\/\/iramed.webs.upv.es\/index.php?rest_route=\/wp\/v2\/pages\/1559","targetHints":{"allow":["GET"]}}],"collection":[{"href":"https:\/\/iramed.webs.upv.es\/index.php?rest_route=\/wp\/v2\/pages"}],"about":[{"href":"https:\/\/iramed.webs.upv.es\/index.php?rest_route=\/wp\/v2\/types\/page"}],"author":[{"embeddable":true,"href":"https:\/\/iramed.webs.upv.es\/index.php?rest_route=\/wp\/v2\/users\/1"}],"replies":[{"embeddable":true,"href":"https:\/\/iramed.webs.upv.es\/index.php?rest_route=%2Fwp%2Fv2%2Fcomments&post=1559"}],"version-history":[{"count":14,"href":"https:\/\/iramed.webs.upv.es\/index.php?rest_route=\/wp\/v2\/pages\/1559\/revisions"}],"predecessor-version":[{"id":1688,"href":"https:\/\/iramed.webs.upv.es\/index.php?rest_route=\/wp\/v2\/pages\/1559\/revisions\/1688"}],"wp:attachment":[{"href":"https:\/\/iramed.webs.upv.es\/index.php?rest_route=%2Fwp%2Fv2%2Fmedia&parent=1559"}],"curies":[{"name":"wp","href":"https:\/\/api.w.org\/{rel}","templated":true}]}}