{"id":1463,"date":"2024-04-11T09:41:41","date_gmt":"2024-04-11T09:41:41","guid":{"rendered":"https:\/\/iramed.webs.upv.es\/?page_id=1463"},"modified":"2024-06-11T07:55:05","modified_gmt":"2024-06-11T07:55:05","slug":"gfrwouhppppp","status":"publish","type":"page","link":"https:\/\/iramed.webs.upv.es\/?page_id=1463&lang=ca","title":{"rendered":"Grup"},"content":{"rendered":"\n<div class=\"wp-block-group alignwide eplus-wrapper is-layout-constrained wp-block-group-is-layout-constrained\"><div class=\"wp-block-columns eplus-wrapper is-layout-flex wp-container-core-columns-is-layout-28f84493 wp-block-columns-is-layout-flex eplus-styles-uid-b108ef\">\n<div class=\"wp-block-column eplus-wrapper is-layout-flow wp-block-column-is-layout-flow\">\n<h2 class=\" wp-block-heading eplus-wrapper\"><strong>Grup d\u2019investigaci\u00f3 IRAMED<\/strong><\/h2>\n<\/div>\n<\/div>\n\n<div class=\"wp-block-columns eplus-wrapper is-layout-flex wp-container-core-columns-is-layout-28f84493 wp-block-columns-is-layout-flex eplus-styles-uid-97a3f0\">\n<div class=\"wp-block-column eplus-wrapper is-layout-flow wp-block-column-is-layout-flow\">\n<p class=\" eplus-wrapper\">L&#8217;equip d&#8217;investigaci\u00f3 est\u00e0 format per un equip multidisciplinari experts en \u00e0rees com a enginyeria f\u00edsic-m\u00e8dica, matem\u00e0tiques, f\u00edsica, estad\u00edstica i sistemes inform\u00e0tics i de computaci\u00f3.<\/p>\n<\/div>\n<\/div>\n\n<div class=\"wp-block-columns eplus-wrapper is-layout-flex wp-container-core-columns-is-layout-28f84493 wp-block-columns-is-layout-flex eplus-styles-uid-9a6e97\">\n<div class=\"wp-block-column eplus-wrapper is-layout-flow wp-block-column-is-layout-flow\">\n<figure class=\" wp-block-image aligncenter size-large is-resized eplus-wrapper\"><img loading=\"lazy\" decoding=\"async\" width=\"1024\" height=\"655\" src=\"https:\/\/iramed.webs.upv.es\/wp-content\/uploads\/2024\/05\/IsirimGrupo-1-1024x655.jpg\" alt=\"\" class=\"wp-image-931\" style=\"width:757px;height:auto\" srcset=\"https:\/\/iramed.webs.upv.es\/wp-content\/uploads\/2024\/05\/IsirimGrupo-1-1024x655.jpg 1024w, https:\/\/iramed.webs.upv.es\/wp-content\/uploads\/2024\/05\/IsirimGrupo-1-300x192.jpg 300w, https:\/\/iramed.webs.upv.es\/wp-content\/uploads\/2024\/05\/IsirimGrupo-1-768x491.jpg 768w, https:\/\/iramed.webs.upv.es\/wp-content\/uploads\/2024\/05\/IsirimGrupo-1-1536x982.jpg 1536w, https:\/\/iramed.webs.upv.es\/wp-content\/uploads\/2024\/05\/IsirimGrupo-1-2048x1309.jpg 2048w\" sizes=\"auto, (max-width: 1024px) 100vw, 1024px\" \/><\/figure>\n<\/div>\n<\/div><\/div>\n\n\n<div class=\"wp-block-group alignwide eplus-wrapper is-layout-constrained wp-block-group-is-layout-constrained eplus-styles-uid-9e3fa4\"><p class=\" eplus-wrapper eplus-styles-uid-f538b9\"><strong><strong>I.U.I de Seguretat Industrial, Radiof\u00edsica i Mediambiental (ISIRYM)<\/strong><\/strong><\/p>\n\n<div class=\"wp-block-columns eplus-wrapper is-layout-flex wp-container-core-columns-is-layout-28f84493 wp-block-columns-is-layout-flex eplus-styles-uid-4dfa5d\"><div class=\"wp-block-column eplus-wrapper is-layout-flow wp-block-column-is-layout-flow eplus-styles-uid-0a4cd3\">\n<p class=\" eplus-wrapper\"><a href=\"https:\/\/www.upv.es\/pls\/oalu\/sic_person.Info?p_alias=gverdu&amp;P_IDIOMA=v\" target=\"_blank\" rel=\"noreferrer noopener\">Gumersindo Jes\u00fas Verd\u00fa Mart\u00edn<\/a><\/p>\n\n\n\n<p class=\" eplus-wrapper\"><a href=\"https:\/\/www.upv.es\/pls\/oalu\/sic_person.Info?p_alias=rmiro&amp;P_IDIOMA=v\" target=\"_blank\" rel=\"noreferrer noopener\">Rafael Mir\u00f3 Herrero<\/a><\/p>\n\n\n\n<p class=\" eplus-wrapper\"><a href=\"https:\/\/www.upv.es\/pls\/oalu\/sic_person.Info?p_alias=sergalbe&amp;P_IDIOMA=v\" target=\"_blank\" rel=\"noreferrer noopener\">Sergio Gallardo Bermell<\/a><\/p>\n\n\n\n<p class=\" eplus-wrapper\"><a href=\"https:\/\/www.upv.es\/pls\/oalu\/sic_person.Info?p_alias=bjuste&amp;P_IDIOMA=v\" data-type=\"link\" data-id=\"https:\/\/www.upv.es\/pls\/oalu\/sic_person.Info?p_alias=bjuste&amp;P_IDIOMA=v\" target=\"_blank\" rel=\"noreferrer noopener\">Bel\u00e9n Jeanne Juste Vidal<\/a><\/p>\n\n\n\n<p class=\" eplus-wrapper\"><a href=\"https:\/\/www.upv.es\/pls\/oalu\/sic_person.Info?p_alias=tcapilla&amp;P_IDIOMA=v\" data-type=\"link\" data-id=\"https:\/\/www.upv.es\/pls\/oalu\/sic_person.Info?p_alias=tcapilla&amp;P_IDIOMA=v\" target=\"_blank\" rel=\"noreferrer noopener\">Mar\u00eda Teresa Capilla Roma<\/a><\/p>\n\n\n\n<p class=\" eplus-wrapper\"><a href=\"https:\/\/www.upv.es\/pls\/oalu\/sic_person.Info?p_alias=jarnala&amp;P_IDIOMA=v\">Jos\u00e9 Miguel Arnal Arnal<\/a><\/p>\n\n\n\n<p class=\" eplus-wrapper\"><a href=\"https:\/\/www.upv.es\/pls\/oalu\/sic_person.Info?p_alias=beagarfa&amp;P_IDIOMA=v\" data-type=\"link\" data-id=\"https:\/\/www.upv.es\/pls\/oalu\/sic_person.Info?p_alias=beagarfa&amp;P_IDIOMA=v\" target=\"_blank\" rel=\"noreferrer noopener\">Beatriz Garc\u00eda Fayos<\/a><\/p>\n\n\n\n<p class=\" eplus-wrapper\"><a href=\"https:\/\/www.upv.es\/pls\/oalu\/sic_person.Info?p_alias=adiacom&amp;P_IDIOMA=v\" data-type=\"link\" data-id=\"https:\/\/www.upv.es\/pls\/oalu\/sic_person.Info?p_alias=adiacom&amp;P_IDIOMA=v\" target=\"_blank\" rel=\"noreferrer noopener\">Adri\u00e1n D\u00edaz Comeche<\/a><\/p>\n\n\n\n<p class=\" eplus-wrapper\"><a href=\"https:\/\/www.upv.es\/pls\/oalu\/sic_person.Info?p_alias=jamarfe4&amp;P_IDIOMA=v\" target=\"_blank\" rel=\"noreferrer noopener\">Javier Enrique Mart\u00ednez Ferri<\/a><\/p>\n\n\n\n<p class=\" eplus-wrapper\"><a href=\"https:\/\/www.upv.es\/pls\/oalu\/sic_person.Info?p_alias=sanolgi&amp;P_IDIOMA=v\" target=\"_blank\" rel=\"noreferrer noopener\">Sandra Oliver Gil<\/a><\/p>\n<\/div>\n\n<div class=\"wp-block-column eplus-wrapper is-layout-flow wp-block-column-is-layout-flow eplus-styles-uid-432f43\">\n<p class=\" eplus-wrapper\">IP del projecte<\/p>\n\n\n\n<p class=\" eplus-wrapper\">Investigador<\/p>\n\n\n\n<p class=\" eplus-wrapper\">Investigador<\/p>\n\n\n\n<p class=\" eplus-wrapper\">Investigadora<\/p>\n\n\n\n<p class=\" eplus-wrapper\">Investigadora<\/p>\n\n\n\n<p class=\" eplus-wrapper\">Investigador<\/p>\n\n\n\n<p class=\" eplus-wrapper\">Investigadora<\/p>\n\n\n\n<p class=\" eplus-wrapper\">Personal investigaci\u00f3 predoctoral<\/p>\n\n\n\n<p class=\" eplus-wrapper\">Personal t\u00e8cnic de suport<\/p>\n\n\n<p class=\" eplus-wrapper eplus-styles-uid-1dee64\">Personal investigaci\u00f3 doctor<\/p><\/div>\n\n\n<div class=\"wp-block-column is-vertically-aligned-center eplus-wrapper is-layout-flow wp-block-column-is-layout-flow\"><\/div>\n<\/div><\/div>\n\n<div class=\"wp-block-group alignwide eplus-wrapper is-layout-constrained wp-block-group-is-layout-constrained eplus-styles-uid-9e3fa4\"><p class=\" eplus-wrapper eplus-styles-uid-0f6d0a\"><strong><strong>Dept. de Estad\u00edstica i Investigaci\u00f3 Operativa Aplicades i Qualitat<\/strong><\/strong><\/p>\n\n<div class=\"wp-block-columns eplus-wrapper is-layout-flex wp-container-core-columns-is-layout-28f84493 wp-block-columns-is-layout-flex eplus-styles-uid-cbdd4b\">\n<div class=\"wp-block-column eplus-wrapper is-layout-flow wp-block-column-is-layout-flow\">\n<p class=\" eplus-wrapper\"><a href=\"https:\/\/www.upv.es\/pls\/oalu\/sic_person.Info?p_alias=JUAGARDI&amp;P_IDIOMA=v\" target=\"_blank\" rel=\"noreferrer noopener\">Juan Carlos Garc\u00eda D\u00edaz<\/a><\/p>\n<\/div>\n\n\n\n<div class=\"wp-block-column eplus-wrapper is-layout-flow wp-block-column-is-layout-flow\">\n<p class=\" eplus-wrapper\">Investigador<\/p>\n<\/div>\n\n\n\n<div class=\"wp-block-column eplus-wrapper is-layout-flow wp-block-column-is-layout-flow\"><\/div>\n<\/div><\/div>\n\n<div class=\"wp-block-group alignwide eplus-wrapper is-layout-constrained wp-block-group-is-layout-constrained eplus-styles-uid-bf4977\"><p class=\" eplus-wrapper eplus-styles-uid-0f6d0a\"><strong><strong><strong>I.U.I de Matem\u00e0tiques Multidisciplinar (IMM)<\/strong><\/strong><\/strong><\/p>\n\n<div class=\"wp-block-columns eplus-wrapper is-layout-flex wp-container-core-columns-is-layout-28f84493 wp-block-columns-is-layout-flex eplus-styles-uid-734295\">\n<div class=\"wp-block-column eplus-wrapper is-layout-flow wp-block-column-is-layout-flow\">\n<p class=\" eplus-wrapper\"><a href=\"https:\/\/www.upv.es\/pls\/oalu\/sic_person.Info?p_alias=dginesta&amp;P_IDIOMA=v\" data-type=\"link\" data-id=\"https:\/\/www.upv.es\/pls\/oalu\/sic_person.Info?p_alias=dginesta&amp;P_IDIOMA=v\" target=\"_blank\" rel=\"noreferrer noopener\">Dami\u00e1n Ginestar Peir\u00f3<\/a><\/p>\n<\/div>\n\n\n\n<div class=\"wp-block-column eplus-wrapper is-layout-flow wp-block-column-is-layout-flow\">\n<p class=\" eplus-wrapper\">Investigador<\/p>\n<\/div>\n\n\n\n<div class=\"wp-block-column eplus-wrapper is-layout-flow wp-block-column-is-layout-flow\"><\/div>\n<\/div><\/div>\n\n<div class=\"wp-block-group alignwide eplus-wrapper is-layout-constrained wp-block-group-is-layout-constrained eplus-styles-uid-9e3fa4\"><p class=\" eplus-wrapper eplus-styles-uid-0f6d0a\"><strong><strong>Dept. de Sistemes Inform\u00e0tics i Computaci\u00f3 (DSIC)<\/strong><\/strong><\/p>\n\n<div class=\"wp-block-columns eplus-wrapper is-layout-flex wp-container-core-columns-is-layout-28f84493 wp-block-columns-is-layout-flex eplus-styles-uid-2504e3\">\n<div class=\"wp-block-column eplus-wrapper is-layout-flow wp-block-column-is-layout-flow\">\n<p class=\" eplus-wrapper\"><a href=\"https:\/\/www.upv.es\/pls\/oalu\/sic_person.Info?p_alias=JUAGARDI&amp;P_IDIOMA=v\" data-type=\"link\" data-id=\"https:\/\/www.upv.es\/pls\/oalu\/sic_person.Info?p_alias=JUAGARDI&amp;P_IDIOMA=v\" target=\"_blank\" rel=\"noreferrer noopener\">Juan Carlos Garc\u00eda D\u00edaz<\/a><\/p>\n<\/div>\n\n\n\n<div class=\"wp-block-column eplus-wrapper is-layout-flow wp-block-column-is-layout-flow\">\n<p class=\" eplus-wrapper\">Investigador<\/p>\n<\/div>\n\n\n\n<div class=\"wp-block-column eplus-wrapper is-layout-flow wp-block-column-is-layout-flow\"><\/div>\n<\/div><\/div>","protected":false},"excerpt":{"rendered":"<p>Grup d\u2019investigaci\u00f3 IRAMED L&#8217;equip d&#8217;investigaci\u00f3 est\u00e0 format per un equip multidisciplinari experts en \u00e0rees com a enginyeria f\u00edsic-m\u00e8dica, matem\u00e0tiques, f\u00edsica, [&hellip;]<\/p>\n","protected":false},"author":1,"featured_media":0,"parent":0,"menu_order":0,"comment_status":"closed","ping_status":"closed","template":"","meta":{"editor_plus_copied_stylings":"{}","site-sidebar-layout":"default","site-content-layout":"","ast-site-content-layout":"default","site-content-style":"default","site-sidebar-style":"default","ast-global-header-display":"","ast-banner-title-visibility":"","ast-main-header-display":"","ast-hfb-above-header-display":"","ast-hfb-below-header-display":"","ast-hfb-mobile-header-display":"","site-post-title":"disabled","ast-breadcrumbs-content":"","ast-featured-img":"","footer-sml-layout":"","ast-disable-related-posts":"","theme-transparent-header-meta":"","adv-header-id-meta":"","stick-header-meta":"","header-above-stick-meta":"","header-main-stick-meta":"","header-below-stick-meta":"","astra-migrate-meta-layouts":"default","ast-page-background-enabled":"default","ast-page-background-meta":{"desktop":{"background-color":"var(--ast-global-color-4)","background-image":"","background-repeat":"repeat","background-position":"center center","background-size":"auto","background-attachment":"scroll","background-type":"","background-media":"","overlay-type":"","overlay-color":"","overlay-opacity":"","overlay-gradient":""},"tablet":{"background-color":"","background-image":"","background-repeat":"repeat","background-position":"center center","background-size":"auto","background-attachment":"scroll","background-type":"","background-media":"","overlay-type":"","overlay-color":"","overlay-opacity":"","overlay-gradient":""},"mobile":{"background-color":"","background-image":"","background-repeat":"repeat","background-position":"center center","background-size":"auto","background-attachment":"scroll","background-type":"","background-media":"","overlay-type":"","overlay-color":"","overlay-opacity":"","overlay-gradient":""}},"ast-content-background-meta":{"desktop":{"background-color":"var(--ast-global-color-5)","background-image":"","background-repeat":"repeat","background-position":"center center","background-size":"auto","background-attachment":"scroll","background-type":"","background-media":"","overlay-type":"","overlay-color":"","overlay-opacity":"","overlay-gradient":""},"tablet":{"background-color":"var(--ast-global-color-5)","background-image":"","background-repeat":"repeat","background-position":"center center","background-size":"auto","background-attachment":"scroll","background-type":"","background-media":"","overlay-type":"","overlay-color":"","overlay-opacity":"","overlay-gradient":""},"mobile":{"background-color":"var(--ast-global-color-5)","background-image":"","background-repeat":"repeat","background-position":"center center","background-size":"auto","background-attachment":"scroll","background-type":"","background-media":"","overlay-type":"","overlay-color":"","overlay-opacity":"","overlay-gradient":""}},"footnotes":""},"class_list":["post-1463","page","type-page","status-publish","hentry"],"_links":{"self":[{"href":"https:\/\/iramed.webs.upv.es\/index.php?rest_route=\/wp\/v2\/pages\/1463","targetHints":{"allow":["GET"]}}],"collection":[{"href":"https:\/\/iramed.webs.upv.es\/index.php?rest_route=\/wp\/v2\/pages"}],"about":[{"href":"https:\/\/iramed.webs.upv.es\/index.php?rest_route=\/wp\/v2\/types\/page"}],"author":[{"embeddable":true,"href":"https:\/\/iramed.webs.upv.es\/index.php?rest_route=\/wp\/v2\/users\/1"}],"replies":[{"embeddable":true,"href":"https:\/\/iramed.webs.upv.es\/index.php?rest_route=%2Fwp%2Fv2%2Fcomments&post=1463"}],"version-history":[{"count":3,"href":"https:\/\/iramed.webs.upv.es\/index.php?rest_route=\/wp\/v2\/pages\/1463\/revisions"}],"predecessor-version":[{"id":1508,"href":"https:\/\/iramed.webs.upv.es\/index.php?rest_route=\/wp\/v2\/pages\/1463\/revisions\/1508"}],"wp:attachment":[{"href":"https:\/\/iramed.webs.upv.es\/index.php?rest_route=%2Fwp%2Fv2%2Fmedia&parent=1463"}],"curies":[{"name":"wp","href":"https:\/\/api.w.org\/{rel}","templated":true}]}}