{"id":1460,"date":"2024-04-15T15:44:58","date_gmt":"2024-04-15T15:44:58","guid":{"rendered":"https:\/\/iramed.webs.upv.es\/?page_id=1460"},"modified":"2026-01-26T10:03:32","modified_gmt":"2026-01-26T10:03:32","slug":"esdevenimemmemeemt","status":"publish","type":"page","link":"https:\/\/iramed.webs.upv.es\/?page_id=1460&lang=ca","title":{"rendered":"Esdeveniments"},"content":{"rendered":"\n<div class=\"wp-block-group alignwide eplus-wrapper is-layout-constrained wp-block-group-is-layout-constrained\">\n<h2 class=\" wp-block-heading eplus-wrapper\">CURS DOSIMETRIA NEUTR\u00d2NICA<\/h2>\n\n\n<div class=\"wp-block-columns eplus-wrapper is-layout-flex wp-container-core-columns-is-layout-28f84493 wp-block-columns-is-layout-flex eplus-styles-uid-0229a2\">\n<div class=\"wp-block-column eplus-wrapper is-layout-flow wp-block-column-is-layout-flow\">\n<p class=\" eplus-wrapper\">Durant els <strong>dies 19 i 20 de febrer de 2025 <\/strong>s&#8217;ha realitzat el curs Dosimetria Neutr\u00f3nica, impartit pel professor Roberto M\u00e9ndez Villafa\u00f1e del CIEMAT. Aquest curs ha estat promogut pels investigadors del grup IRAMED des del Dept. d&#8217;Enginyeria Qu\u00edmica i Nuclear i ha estat finan\u00e7at per la C\u00e0tedra CSN\/UPV en Seguretat Nuclear i Protecci\u00f3 Radiol\u00f2gica<\/p>\n\n\n\n<p class=\" eplus-wrapper\">En acabar el curs l&#8217;alumne ser\u00e0 capa\u00e7 de con\u00e8ixer els equips de detecci\u00f3 de neutrons, aix\u00ed com els coneixements relatius a la dosimetria de neutrons i els equips de dosimetria que s&#8217;utilitzen. L&#8217;alumne coneixer\u00e0 els diferents m\u00e8todes espectrom\u00e8trics que hi ha i aplicacions reals d&#8217;aquests. A m\u00e9s a m\u00e9s, ser\u00e0 capa\u00e7 d&#8217;aplicar les normes internacionals per a la metrologia neutr\u00f2nica.<\/p>\n<\/div>\n\n\n\n<div class=\"wp-block-column is-vertically-aligned-center eplus-wrapper is-layout-flow wp-block-column-is-layout-flow\">\n<figure class=\" wp-block-image size-large eplus-wrapper\"><img loading=\"lazy\" decoding=\"async\" width=\"1024\" height=\"813\" src=\"https:\/\/iramed.webs.upv.es\/wp-content\/uploads\/2026\/01\/IMG-20250220-WA0002-1-1024x813.jpg\" alt=\"\" class=\"wp-image-1702\" srcset=\"https:\/\/iramed.webs.upv.es\/wp-content\/uploads\/2026\/01\/IMG-20250220-WA0002-1-1024x813.jpg 1024w, https:\/\/iramed.webs.upv.es\/wp-content\/uploads\/2026\/01\/IMG-20250220-WA0002-1-300x238.jpg 300w, https:\/\/iramed.webs.upv.es\/wp-content\/uploads\/2026\/01\/IMG-20250220-WA0002-1-768x610.jpg 768w, https:\/\/iramed.webs.upv.es\/wp-content\/uploads\/2026\/01\/IMG-20250220-WA0002-1-1536x1220.jpg 1536w, https:\/\/iramed.webs.upv.es\/wp-content\/uploads\/2026\/01\/IMG-20250220-WA0002-1.jpg 2048w\" sizes=\"auto, (max-width: 1024px) 100vw, 1024px\" \/><\/figure>\n<\/div>\n<\/div><\/div>\n\n\n\n<div class=\"wp-block-group alignwide eplus-wrapper is-layout-constrained wp-block-group-is-layout-constrained\">\n<h2 class=\" wp-block-heading eplus-wrapper\">ESDEVENIMENT ICDA4<\/h2>\n\n\n<div class=\"wp-block-columns eplus-wrapper is-layout-flex wp-container-core-columns-is-layout-28f84493 wp-block-columns-is-layout-flex eplus-styles-uid-a933d5\">\n<div class=\"wp-block-column eplus-wrapper is-layout-flow wp-block-column-is-layout-flow\">\n<p class=\" eplus-wrapper\">El congr\u00e9s <a href=\"https:\/\/icda-4.webs.upv.es\/\" target=\"_blank\" rel=\"noreferrer noopener\"><strong>4th International Conference on Dosimetry and its Applications<\/strong><\/a> (4a Confer\u00e8ncia Internacional de Dosimetria i les seues Aplicacions, ICDA-4) es va celebrar del 16 al 20 d&#8217;octubre del 2023 a la Ciutat Polit\u00e8cnica de la Innovaci\u00f3 de la Universitat Polit\u00e8cnica de Val\u00e8ncia, una moderna instal\u00b7laci\u00f3 en el cor del campus universitari.<\/p>\n\n\n\n<p class=\" eplus-wrapper\">El Congr\u00e9s, promogut per l\u2019I.U.I de Seguretat Industrial, Radiof\u00edsica i Mediambiental (ISIRYM), ha sigut tot un \u00e8xit de participaci\u00f3 i qualitat cient\u00edfica en l&#8217;\u00e0rea de la dosimetria i les seues aplicacions. El Comit\u00e8 Organitzador del Congr\u00e9s estava format per diversos dels membres que participen en el grup d&#8217;investigaci\u00f3 del projecte IRAMED, amb Gumersindo Verd\u00fa com president organitzador del Congr\u00e9s, amb l&#8217;estreta col\u00b7laboraci\u00f3 de Bel\u00e9n Jeanne Juste Vidal.<\/p>\n<\/div>\n\n\n\n<div class=\"wp-block-column is-vertically-aligned-center eplus-wrapper is-layout-flow wp-block-column-is-layout-flow\">\n<figure class=\" wp-block-image size-large eplus-wrapper\"><img loading=\"lazy\" decoding=\"async\" width=\"1024\" height=\"681\" src=\"https:\/\/iramed.webs.upv.es\/wp-content\/uploads\/2024\/04\/evento_1-1024x681.jpg\" alt=\"\" class=\"wp-image-163\" srcset=\"https:\/\/iramed.webs.upv.es\/wp-content\/uploads\/2024\/04\/evento_1-1024x681.jpg 1024w, https:\/\/iramed.webs.upv.es\/wp-content\/uploads\/2024\/04\/evento_1-300x200.jpg 300w, https:\/\/iramed.webs.upv.es\/wp-content\/uploads\/2024\/04\/evento_1-768x511.jpg 768w, https:\/\/iramed.webs.upv.es\/wp-content\/uploads\/2024\/04\/evento_1.jpg 1433w\" sizes=\"auto, (max-width: 1024px) 100vw, 1024px\" \/><\/figure>\n<\/div>\n<\/div>\n\n<div class=\"wp-block-columns eplus-wrapper is-layout-flex wp-container-core-columns-is-layout-28f84493 wp-block-columns-is-layout-flex eplus-styles-uid-682d9c\">\n<div class=\"wp-block-column is-vertically-aligned-center eplus-wrapper is-layout-flow wp-block-column-is-layout-flow\"><figure class=\" wp-block-image aligncenter size-full is-resized eplus-wrapper eplus-styles-uid-9a2500\"><img loading=\"lazy\" decoding=\"async\" width=\"802\" height=\"446\" src=\"https:\/\/iramed.webs.upv.es\/wp-content\/uploads\/2024\/04\/EVENTO_2-1.jpg\" alt=\"\" class=\"wp-image-208\" style=\"width:633px;height:auto\" srcset=\"https:\/\/iramed.webs.upv.es\/wp-content\/uploads\/2024\/04\/EVENTO_2-1.jpg 802w, https:\/\/iramed.webs.upv.es\/wp-content\/uploads\/2024\/04\/EVENTO_2-1-300x167.jpg 300w, https:\/\/iramed.webs.upv.es\/wp-content\/uploads\/2024\/04\/EVENTO_2-1-768x427.jpg 768w\" sizes=\"auto, (max-width: 802px) 100vw, 802px\" \/><\/figure><\/div>\n<\/div><\/div>\n","protected":false},"excerpt":{"rendered":"<p>CURS DOSIMETRIA NEUTR\u00d2NICA Durant els dies 19 i 20 de febrer de 2025 s&#8217;ha realitzat el curs Dosimetria Neutr\u00f3nica, impartit [&hellip;]<\/p>\n","protected":false},"author":1,"featured_media":0,"parent":0,"menu_order":0,"comment_status":"closed","ping_status":"closed","template":"","meta":{"editor_plus_copied_stylings":"{}","site-sidebar-layout":"default","site-content-layout":"","ast-site-content-layout":"default","site-content-style":"default","site-sidebar-style":"default","ast-global-header-display":"","ast-banner-title-visibility":"","ast-main-header-display":"","ast-hfb-above-header-display":"","ast-hfb-below-header-display":"","ast-hfb-mobile-header-display":"","site-post-title":"disabled","ast-breadcrumbs-content":"","ast-featured-img":"","footer-sml-layout":"","ast-disable-related-posts":"","theme-transparent-header-meta":"","adv-header-id-meta":"","stick-header-meta":"","header-above-stick-meta":"","header-main-stick-meta":"","header-below-stick-meta":"","astra-migrate-meta-layouts":"default","ast-page-background-enabled":"default","ast-page-background-meta":{"desktop":{"background-color":"var(--ast-global-color-4)","background-image":"","background-repeat":"repeat","background-position":"center center","background-size":"auto","background-attachment":"scroll","background-type":"","background-media":"","overlay-type":"","overlay-color":"","overlay-opacity":"","overlay-gradient":""},"tablet":{"background-color":"","background-image":"","background-repeat":"repeat","background-position":"center center","background-size":"auto","background-attachment":"scroll","background-type":"","background-media":"","overlay-type":"","overlay-color":"","overlay-opacity":"","overlay-gradient":""},"mobile":{"background-color":"","background-image":"","background-repeat":"repeat","background-position":"center center","background-size":"auto","background-attachment":"scroll","background-type":"","background-media":"","overlay-type":"","overlay-color":"","overlay-opacity":"","overlay-gradient":""}},"ast-content-background-meta":{"desktop":{"background-color":"var(--ast-global-color-5)","background-image":"","background-repeat":"repeat","background-position":"center center","background-size":"auto","background-attachment":"scroll","background-type":"","background-media":"","overlay-type":"","overlay-color":"","overlay-opacity":"","overlay-gradient":""},"tablet":{"background-color":"var(--ast-global-color-5)","background-image":"","background-repeat":"repeat","background-position":"center center","background-size":"auto","background-attachment":"scroll","background-type":"","background-media":"","overlay-type":"","overlay-color":"","overlay-opacity":"","overlay-gradient":""},"mobile":{"background-color":"var(--ast-global-color-5)","background-image":"","background-repeat":"repeat","background-position":"center center","background-size":"auto","background-attachment":"scroll","background-type":"","background-media":"","overlay-type":"","overlay-color":"","overlay-opacity":"","overlay-gradient":""}},"footnotes":""},"class_list":["post-1460","page","type-page","status-publish","hentry"],"_links":{"self":[{"href":"https:\/\/iramed.webs.upv.es\/index.php?rest_route=\/wp\/v2\/pages\/1460","targetHints":{"allow":["GET"]}}],"collection":[{"href":"https:\/\/iramed.webs.upv.es\/index.php?rest_route=\/wp\/v2\/pages"}],"about":[{"href":"https:\/\/iramed.webs.upv.es\/index.php?rest_route=\/wp\/v2\/types\/page"}],"author":[{"embeddable":true,"href":"https:\/\/iramed.webs.upv.es\/index.php?rest_route=\/wp\/v2\/users\/1"}],"replies":[{"embeddable":true,"href":"https:\/\/iramed.webs.upv.es\/index.php?rest_route=%2Fwp%2Fv2%2Fcomments&post=1460"}],"version-history":[{"count":6,"href":"https:\/\/iramed.webs.upv.es\/index.php?rest_route=\/wp\/v2\/pages\/1460\/revisions"}],"predecessor-version":[{"id":1703,"href":"https:\/\/iramed.webs.upv.es\/index.php?rest_route=\/wp\/v2\/pages\/1460\/revisions\/1703"}],"wp:attachment":[{"href":"https:\/\/iramed.webs.upv.es\/index.php?rest_route=%2Fwp%2Fv2%2Fmedia&parent=1460"}],"curies":[{"name":"wp","href":"https:\/\/api.w.org\/{rel}","templated":true}]}}