{"id":1315,"date":"2024-04-15T15:34:23","date_gmt":"2024-04-15T15:34:23","guid":{"rendered":"https:\/\/iramed.webs.upv.es\/?page_id=1315"},"modified":"2025-06-17T12:20:09","modified_gmt":"2025-06-17T12:20:09","slug":"tesis","status":"publish","type":"page","link":"https:\/\/iramed.webs.upv.es\/?page_id=1315&lang=ca","title":{"rendered":"Tesis"},"content":{"rendered":"<div class=\"wp-block-group alignwide eplus-wrapper is-layout-constrained wp-block-group-is-layout-constrained eplus-styles-uid-9184bf\"><div class=\"wp-block-columns eplus-wrapper is-layout-flex wp-container-core-columns-is-layout-28f84493 wp-block-columns-is-layout-flex eplus-styles-uid-0605b3\"><div class=\"wp-block-column eplus-wrapper is-layout-flow wp-block-column-is-layout-flow eplus-styles-uid-9184bf\"><h2 class=\" wp-block-heading eplus-wrapper eplus-styles-uid-9184bf\">TESIS <\/h2><\/div><\/div>\n\n<div class=\"wp-block-columns eplus-wrapper is-layout-flex wp-container-core-columns-is-layout-28f84493 wp-block-columns-is-layout-flex eplus-styles-uid-25630f\"><div class=\"wp-block-column eplus-wrapper is-layout-flow wp-block-column-is-layout-flow eplus-styles-uid-9184bf\"><p class=\" eplus-wrapper eplus-styles-uid-d04b01\"><strong>Tesis doctorals en curs i finalitzades realitzades en el context del projecte IRAMED<\/strong><\/p>\n\n<div class=\"wp-block-columns eplus-wrapper is-layout-flex wp-container-core-columns-is-layout-28f84493 wp-block-columns-is-layout-flex eplus-styles-uid-bd5408\">\n<div class=\"wp-block-column eplus-wrapper is-layout-flow wp-block-column-is-layout-flow\"><ul class=\" wp-block-list eplus-wrapper eplus-styles-uid-540ac9\">\n<li class=\" eplus-wrapper\">Pe\u00f1a Acosta, Miriam Magela. Aportacions a les T\u00e9cniques de Modelat d&#8217;esc\u00e0ners PET i c\u00e1lcul dosim\u00e8tric amb Monte Carlo  (Finalitzada, 2025).<\/li>\n\n\n\n<li class=\" eplus-wrapper\">Oliver Gil, Sandra. Eines computacionals avan\u00e7ades per a planificaci\u00f3 radioterap\u00e8utica mitjan\u00e7at simulacions Monte Carlo (Finalitzada, 2024).<\/li>\n\n\n\n<li class=\" eplus-wrapper\">D\u00edaz Comeche, Adri\u00e1n. An\u00e0lisi i disseny de sistemes d&#8217;espectrometria neutr\u00f2nica per a instalacions de protonter\u00e0pia (En proc\u00e9s).<\/li>\n<\/ul><\/div>\n\n\n\n<div class=\"wp-block-column is-vertically-aligned-center eplus-wrapper is-layout-flow wp-block-column-is-layout-flow\"><figure class=\" wp-block-image aligncenter size-full is-resized eplus-wrapper eplus-styles-uid-9184bf\"><img loading=\"lazy\" decoding=\"async\" width=\"2560\" height=\"1707\" src=\"https:\/\/iramed.webs.upv.es\/wp-content\/uploads\/2024\/05\/tesis_invgs-scaled.jpg\" alt=\"\" class=\"wp-image-1130\" style=\"width:480px;height:auto\" srcset=\"https:\/\/iramed.webs.upv.es\/wp-content\/uploads\/2024\/05\/tesis_invgs-scaled.jpg 2560w, https:\/\/iramed.webs.upv.es\/wp-content\/uploads\/2024\/05\/tesis_invgs-300x200.jpg 300w, https:\/\/iramed.webs.upv.es\/wp-content\/uploads\/2024\/05\/tesis_invgs-1024x683.jpg 1024w, https:\/\/iramed.webs.upv.es\/wp-content\/uploads\/2024\/05\/tesis_invgs-768x512.jpg 768w, https:\/\/iramed.webs.upv.es\/wp-content\/uploads\/2024\/05\/tesis_invgs-1536x1024.jpg 1536w, https:\/\/iramed.webs.upv.es\/wp-content\/uploads\/2024\/05\/tesis_invgs-2048x1365.jpg 2048w\" sizes=\"auto, (max-width: 2560px) 100vw, 2560px\" \/><\/figure><\/div>\n<\/div><\/div><\/div><\/div>\n\n\n<p class=\" eplus-wrapper\"><\/p>\n","protected":false},"excerpt":{"rendered":"<p>TESIS Tesis doctorals en curs i finalitzades realitzades en el context del projecte IRAMED<\/p>\n","protected":false},"author":1,"featured_media":0,"parent":0,"menu_order":0,"comment_status":"closed","ping_status":"closed","template":"","meta":{"editor_plus_copied_stylings":"{}","site-sidebar-layout":"default","site-content-layout":"","ast-site-content-layout":"default","site-content-style":"default","site-sidebar-style":"default","ast-global-header-display":"","ast-banner-title-visibility":"","ast-main-header-display":"","ast-hfb-above-header-display":"","ast-hfb-below-header-display":"","ast-hfb-mobile-header-display":"","site-post-title":"disabled","ast-breadcrumbs-content":"","ast-featured-img":"","footer-sml-layout":"","ast-disable-related-posts":"","theme-transparent-header-meta":"","adv-header-id-meta":"","stick-header-meta":"","header-above-stick-meta":"","header-main-stick-meta":"","header-below-stick-meta":"","astra-migrate-meta-layouts":"default","ast-page-background-enabled":"default","ast-page-background-meta":{"desktop":{"background-color":"var(--ast-global-color-4)","background-image":"","background-repeat":"repeat","background-position":"center center","background-size":"auto","background-attachment":"scroll","background-type":"","background-media":"","overlay-type":"","overlay-color":"","overlay-opacity":"","overlay-gradient":""},"tablet":{"background-color":"","background-image":"","background-repeat":"repeat","background-position":"center center","background-size":"auto","background-attachment":"scroll","background-type":"","background-media":"","overlay-type":"","overlay-color":"","overlay-opacity":"","overlay-gradient":""},"mobile":{"background-color":"","background-image":"","background-repeat":"repeat","background-position":"center center","background-size":"auto","background-attachment":"scroll","background-type":"","background-media":"","overlay-type":"","overlay-color":"","overlay-opacity":"","overlay-gradient":""}},"ast-content-background-meta":{"desktop":{"background-color":"var(--ast-global-color-5)","background-image":"","background-repeat":"repeat","background-position":"center center","background-size":"auto","background-attachment":"scroll","background-type":"","background-media":"","overlay-type":"","overlay-color":"","overlay-opacity":"","overlay-gradient":""},"tablet":{"background-color":"var(--ast-global-color-5)","background-image":"","background-repeat":"repeat","background-position":"center center","background-size":"auto","background-attachment":"scroll","background-type":"","background-media":"","overlay-type":"","overlay-color":"","overlay-opacity":"","overlay-gradient":""},"mobile":{"background-color":"var(--ast-global-color-5)","background-image":"","background-repeat":"repeat","background-position":"center center","background-size":"auto","background-attachment":"scroll","background-type":"","background-media":"","overlay-type":"","overlay-color":"","overlay-opacity":"","overlay-gradient":""}},"footnotes":"[]"},"class_list":["post-1315","page","type-page","status-publish","hentry"],"_links":{"self":[{"href":"https:\/\/iramed.webs.upv.es\/index.php?rest_route=\/wp\/v2\/pages\/1315","targetHints":{"allow":["GET"]}}],"collection":[{"href":"https:\/\/iramed.webs.upv.es\/index.php?rest_route=\/wp\/v2\/pages"}],"about":[{"href":"https:\/\/iramed.webs.upv.es\/index.php?rest_route=\/wp\/v2\/types\/page"}],"author":[{"embeddable":true,"href":"https:\/\/iramed.webs.upv.es\/index.php?rest_route=\/wp\/v2\/users\/1"}],"replies":[{"embeddable":true,"href":"https:\/\/iramed.webs.upv.es\/index.php?rest_route=%2Fwp%2Fv2%2Fcomments&post=1315"}],"version-history":[{"count":7,"href":"https:\/\/iramed.webs.upv.es\/index.php?rest_route=\/wp\/v2\/pages\/1315\/revisions"}],"predecessor-version":[{"id":1652,"href":"https:\/\/iramed.webs.upv.es\/index.php?rest_route=\/wp\/v2\/pages\/1315\/revisions\/1652"}],"wp:attachment":[{"href":"https:\/\/iramed.webs.upv.es\/index.php?rest_route=%2Fwp%2Fv2%2Fmedia&parent=1315"}],"curies":[{"name":"wp","href":"https:\/\/api.w.org\/{rel}","templated":true}]}}